{"id":4874,"date":"2025-07-29T12:58:31","date_gmt":"2025-07-29T16:58:31","guid":{"rendered":"https:\/\/cvietrc.ca\/?page_id=4874"},"modified":"2025-08-01T10:17:16","modified_gmt":"2025-08-01T14:17:16","slug":"ve-chung-toi","status":"publish","type":"page","link":"https:\/\/cvietrc.ca\/vi\/ve-chung-toi\/","title":{"rendered":"Trung t\u00e2m"},"content":{"rendered":"\t\t<div data-elementor-type=\"wp-page\" data-elementor-id=\"4874\" class=\"elementor elementor-4874 elementor-4837\">\n\t\t\t\t\t\t<section class=\"elementor-section elementor-top-section elementor-element elementor-element-fff0996 elementor-section-boxed elementor-section-height-default elementor-section-height-default\" data-id=\"fff0996\" data-element_type=\"section\" data-e-type=\"section\" data-settings=\"{&quot;background_background&quot;:&quot;classic&quot;}\">\n\t\t\t\t\t\t<div class=\"elementor-container elementor-column-gap-default\">\n\t\t\t\t\t<div class=\"elementor-column elementor-col-100 elementor-top-column elementor-element elementor-element-028c97e\" data-id=\"028c97e\" data-element_type=\"column\" data-e-type=\"column\">\n\t\t\t<div class=\"elementor-widget-wrap elementor-element-populated\">\n\t\t\t\t\t\t<div class=\"elementor-element elementor-element-e6abd63 elementor-widget elementor-widget-wpwaxtheme-title\" data-id=\"e6abd63\" data-element_type=\"widget\" data-e-type=\"widget\" data-widget_type=\"wpwaxtheme-title.default\">\n\t\t\t\t<div class=\"elementor-widget-container\">\n\t\t\t\t\t<div class=\"theme-section-title\">\n\n\t<h1 class=\"theme-section-title__title\">Trung t\u00e2m H\u1ed7 tr\u1ee3 C\u1ed9ng \u0111\u1ed3ng Vi\u1ec7t Nam<\/h1>\n\n\t\t\n<\/div>\t\t\t\t<\/div>\n\t\t\t\t<\/div>\n\t\t\t\t\t<\/div>\n\t\t<\/div>\n\t\t\t\t\t<\/div>\n\t\t<\/section>\n\t\t\t\t<section class=\"elementor-section elementor-top-section elementor-element elementor-element-540a9c8 elementor-section-boxed elementor-section-height-default elementor-section-height-default\" data-id=\"540a9c8\" data-element_type=\"section\" data-e-type=\"section\">\n\t\t\t\t\t\t<div class=\"elementor-container elementor-column-gap-default\">\n\t\t\t\t\t<div class=\"elementor-column elementor-col-100 elementor-top-column elementor-element elementor-element-279cb1a\" data-id=\"279cb1a\" data-element_type=\"column\" data-e-type=\"column\">\n\t\t\t<div class=\"elementor-widget-wrap elementor-element-populated\">\n\t\t\t\t\t\t<div class=\"elementor-element elementor-element-a3ce3da elementor-widget elementor-widget-text-editor\" data-id=\"a3ce3da\" data-element_type=\"widget\" data-e-type=\"widget\" data-widget_type=\"text-editor.default\">\n\t\t\t\t<div class=\"elementor-widget-container\">\n\t\t\t\t\t\t\t\t\t<h3>M\u1ee5c ti\u00eau v\u00e0 S\u1ee9 m\u1ec7nh<\/h3><ul><li>C\u0169ng c\u1ea5p d\u1ecbch v\u1ee5 gi\u1edbi thi\u1ec7u v\u00e0 h\u1ed7 tr\u1ee3 c\u00e1c th\u00e0nh vi\u00ean trong c\u1ed9ng \u0111\u1ed3ng ng\u01b0\u1eddi Vi\u1ec7t \u0111\u1ec3 ti\u1ebfp c\u1eadn v\u1edbi nh\u1eefng d\u1ecbch v\u1ee5 m\u00e0 h\u1ecd c\u1ea7n.<\/li><li>Gi\u00fap c\u00e1c th\u00e0nh vi\u00ean trong c\u1ed9ng \u0111\u1ed3ng v\u01b0\u1ee3t qua s\u1ef1 lo\u1ea1i tr\u1eeb v\u00e0 c\u00f4 l\u1eadp x\u00e3 h\u1ed9i th\u00f4ng qua c\u00e1c k\u1ef9 n\u0103ng n\u00e2ng cao n\u0103ng l\u1ef1c v\u00e0 ph\u00e1t tri\u1ec3n c\u1ed9ng \u0111\u1ed3ng.<\/li><li>H\u01b0\u1edbng t\u1edbi thay \u0111\u1ed5i c\u00e1c th\u1ef1c ti\u1ec5n mang t\u00ednh h\u1ec7 th\u1ed1ng c\u00f3 th\u1ec3 \u0111em \u0111\u1ebfn vi\u1ec7c lo\u1ea1i tr\u1eeb nh\u1eefng th\u00e0nh vi\u00ean trong c\u1ed9ng \u0111\u1ed3ng.<\/li><\/ul>\t\t\t\t\t\t\t\t<\/div>\n\t\t\t\t<\/div>\n\t\t\t\t\t<\/div>\n\t\t<\/div>\n\t\t\t\t\t<\/div>\n\t\t<\/section>\n\t\t\t\t<section class=\"elementor-section elementor-top-section elementor-element elementor-element-9593fc6 elementor-section-boxed elementor-section-height-default elementor-section-height-default\" data-id=\"9593fc6\" data-element_type=\"section\" data-e-type=\"section\">\n\t\t\t\t\t\t<div class=\"elementor-container elementor-column-gap-default\">\n\t\t\t\t\t<div class=\"elementor-column elementor-col-100 elementor-top-column elementor-element elementor-element-b809225\" data-id=\"b809225\" data-element_type=\"column\" data-e-type=\"column\">\n\t\t\t<div class=\"elementor-widget-wrap elementor-element-populated\">\n\t\t\t\t\t\t<div class=\"elementor-element elementor-element-86dc1d5 elementor-widget elementor-widget-text-editor\" data-id=\"86dc1d5\" data-element_type=\"widget\" data-e-type=\"widget\" data-widget_type=\"text-editor.default\">\n\t\t\t\t<div class=\"elementor-widget-container\">\n\t\t\t\t\t\t\t\t\t<h3>S\u1ee9 m\u1ec7nh c\u1ee7a CVietRC \u0111\u01b0\u1ee3c tri\u1ec3n khai qua 3 l\u0129nh v\u1ef1c ch\u00ednh:<\/h3><ul><li>Cung c\u1ea5p th\u00f4ng tin tr\u1ef1c tuy\u1ebfn v\u1ec1 c\u00e1c d\u1ecbch v\u1ee5 d\u00e0nh cho c\u1ed9ng \u0111\u1ed3ng<\/li><li>Trung t\u00e2m nghi\u00ean c\u1ee9u v\u00e0 t\u00e0i li\u1ec7u<\/li><li>D\u1ecbch v\u1ee5 c\u1ed9ng \u0111\u1ed3ng<\/li><\/ul>\t\t\t\t\t\t\t\t<\/div>\n\t\t\t\t<\/div>\n\t\t\t\t\t<\/div>\n\t\t<\/div>\n\t\t\t\t\t<\/div>\n\t\t<\/section>\n\t\t\t\t<section class=\"elementor-section elementor-top-section elementor-element elementor-element-d36084c elementor-section-boxed elementor-section-height-default elementor-section-height-default\" data-id=\"d36084c\" data-element_type=\"section\" data-e-type=\"section\">\n\t\t\t\t\t\t<div class=\"elementor-container elementor-column-gap-default\">\n\t\t\t\t\t<div class=\"elementor-column elementor-col-100 elementor-top-column elementor-element elementor-element-f4bf382\" data-id=\"f4bf382\" data-element_type=\"column\" data-e-type=\"column\">\n\t\t\t<div class=\"elementor-widget-wrap elementor-element-populated\">\n\t\t\t\t\t\t<div class=\"elementor-element elementor-element-35d5ca2 elementor-widget elementor-widget-text-editor\" data-id=\"35d5ca2\" data-element_type=\"widget\" data-e-type=\"widget\" data-widget_type=\"text-editor.default\">\n\t\t\t\t<div class=\"elementor-widget-container\">\n\t\t\t\t\t\t\t\t\t<h3>H\u1ed9i \u0111\u1ed3ng qu\u1ea3n tr\u1ecb<\/h3>\t\t\t\t\t\t\t\t<\/div>\n\t\t\t\t<\/div>\n\t\t\t\t\t<\/div>\n\t\t<\/div>\n\t\t\t\t\t<\/div>\n\t\t<\/section>\n\t\t\t\t<section class=\"elementor-section elementor-top-section elementor-element elementor-element-7355ce46 elementor-section-stretched elementor-section-boxed elementor-section-height-default elementor-section-height-default\" data-id=\"7355ce46\" data-element_type=\"section\" data-e-type=\"section\" data-settings=\"{&quot;stretch_section&quot;:&quot;section-stretched&quot;,&quot;background_background&quot;:&quot;classic&quot;}\">\n\t\t\t\t\t\t<div class=\"elementor-container elementor-column-gap-default\">\n\t\t\t\t\t<div class=\"elementor-column elementor-col-33 elementor-top-column elementor-element elementor-element-2c848f6\" data-id=\"2c848f6\" data-element_type=\"column\" data-e-type=\"column\">\n\t\t\t<div class=\"elementor-widget-wrap elementor-element-populated\">\n\t\t\t\t\t\t<div class=\"elementor-element elementor-element-35d309c elementor-position-top elementor-widget elementor-widget-image-box\" data-id=\"35d309c\" data-element_type=\"widget\" data-e-type=\"widget\" data-widget_type=\"image-box.default\">\n\t\t\t\t<div class=\"elementor-widget-container\">\n\t\t\t\t\t<div class=\"elementor-image-box-wrapper\"><figure class=\"elementor-image-box-img\"><img fetchpriority=\"high\" decoding=\"async\" width=\"860\" height=\"1152\" src=\"https:\/\/cvietrc.ca\/wp-content\/uploads\/2025\/07\/cvietrc-board-Nguyen-Kim-Phuong.jpg\" class=\"attachment-full size-full wp-image-4844\" alt=\"Nguy\u1ec5n Kim Ph\u01b0\u1ee3ng\" srcset=\"https:\/\/cvietrc.ca\/wp-content\/uploads\/2025\/07\/cvietrc-board-Nguyen-Kim-Phuong.jpg 860w, https:\/\/cvietrc.ca\/wp-content\/uploads\/2025\/07\/cvietrc-board-Nguyen-Kim-Phuong-224x300.jpg 224w, https:\/\/cvietrc.ca\/wp-content\/uploads\/2025\/07\/cvietrc-board-Nguyen-Kim-Phuong-764x1024.jpg 764w, https:\/\/cvietrc.ca\/wp-content\/uploads\/2025\/07\/cvietrc-board-Nguyen-Kim-Phuong-768x1029.jpg 768w\" sizes=\"(max-width: 860px) 100vw, 860px\" \/><\/figure><div class=\"elementor-image-box-content\"><h5 class=\"elementor-image-box-title\">Nguy\u1ec5n Kim Ph\u01b0\u1ee3ng<\/h5><p class=\"elementor-image-box-description\">Ng\u01b0\u1eddi s\u00e1ng l\u1eadp v\u00e0 Ch\u1ee7 t\u1ecbch (2022\u2013 )<\/p><\/div><\/div>\t\t\t\t<\/div>\n\t\t\t\t<\/div>\n\t\t\t\t\t<\/div>\n\t\t<\/div>\n\t\t\t\t<div class=\"elementor-column elementor-col-33 elementor-top-column elementor-element elementor-element-52666f0\" data-id=\"52666f0\" data-element_type=\"column\" data-e-type=\"column\">\n\t\t\t<div class=\"elementor-widget-wrap elementor-element-populated\">\n\t\t\t\t\t\t<div class=\"elementor-element elementor-element-e5e11d9 elementor-position-top elementor-widget elementor-widget-image-box\" data-id=\"e5e11d9\" data-element_type=\"widget\" data-e-type=\"widget\" data-widget_type=\"image-box.default\">\n\t\t\t\t<div class=\"elementor-widget-container\">\n\t\t\t\t\t<div class=\"elementor-image-box-wrapper\"><figure class=\"elementor-image-box-img\"><img decoding=\"async\" width=\"860\" height=\"1152\" src=\"https:\/\/cvietrc.ca\/wp-content\/uploads\/2025\/07\/cvietrc-board-Caroline-Vu.jpg\" class=\"attachment-full size-full wp-image-4847\" alt=\"Dr. Caroline Vu\" srcset=\"https:\/\/cvietrc.ca\/wp-content\/uploads\/2025\/07\/cvietrc-board-Caroline-Vu.jpg 860w, https:\/\/cvietrc.ca\/wp-content\/uploads\/2025\/07\/cvietrc-board-Caroline-Vu-224x300.jpg 224w, https:\/\/cvietrc.ca\/wp-content\/uploads\/2025\/07\/cvietrc-board-Caroline-Vu-764x1024.jpg 764w, https:\/\/cvietrc.ca\/wp-content\/uploads\/2025\/07\/cvietrc-board-Caroline-Vu-768x1029.jpg 768w\" sizes=\"(max-width: 860px) 100vw, 860px\" \/><\/figure><div class=\"elementor-image-box-content\"><h5 class=\"elementor-image-box-title\">B\u00e1c s\u0129 Caroline V\u0169 Nguy\u1ec5n<\/h5><p class=\"elementor-image-box-description\">Ph\u00f3 Ch\u1ee7 t\u1ecbch (2023\u2013 )<br \/>\nB\u00e1c s\u0129 gia \u0111\u00ecnh<br \/>\n\u1ee6y ban \u0110\u1ea1o \u0111\u1ee9c v\u00e0 Qu\u1ea3n tr\u1ecb<\/p><\/div><\/div>\t\t\t\t<\/div>\n\t\t\t\t<\/div>\n\t\t\t\t\t<\/div>\n\t\t<\/div>\n\t\t\t\t<div class=\"elementor-column elementor-col-33 elementor-top-column elementor-element elementor-element-357ac82\" data-id=\"357ac82\" data-element_type=\"column\" data-e-type=\"column\">\n\t\t\t<div class=\"elementor-widget-wrap elementor-element-populated\">\n\t\t\t\t\t\t<div class=\"elementor-element elementor-element-6d05d93 elementor-position-top elementor-widget elementor-widget-image-box\" data-id=\"6d05d93\" data-element_type=\"widget\" data-e-type=\"widget\" data-widget_type=\"image-box.default\">\n\t\t\t\t<div class=\"elementor-widget-container\">\n\t\t\t\t\t<div class=\"elementor-image-box-wrapper\"><figure class=\"elementor-image-box-img\"><img decoding=\"async\" width=\"860\" height=\"1152\" src=\"https:\/\/cvietrc.ca\/wp-content\/uploads\/2025\/07\/cvietrc-board-Victor-Afriat.jpg\" class=\"attachment-full size-full wp-image-4850\" alt=\"Victor Afriat\" srcset=\"https:\/\/cvietrc.ca\/wp-content\/uploads\/2025\/07\/cvietrc-board-Victor-Afriat.jpg 860w, https:\/\/cvietrc.ca\/wp-content\/uploads\/2025\/07\/cvietrc-board-Victor-Afriat-224x300.jpg 224w, https:\/\/cvietrc.ca\/wp-content\/uploads\/2025\/07\/cvietrc-board-Victor-Afriat-764x1024.jpg 764w, https:\/\/cvietrc.ca\/wp-content\/uploads\/2025\/07\/cvietrc-board-Victor-Afriat-768x1029.jpg 768w\" sizes=\"(max-width: 860px) 100vw, 860px\" \/><\/figure><div class=\"elementor-image-box-content\"><h5 class=\"elementor-image-box-title\">Victor Afriat<\/h5><p class=\"elementor-image-box-description\">Th\u01b0 k\u00fd v\u00e0 Th\u1ee7 qu\u1ef9 (2022\u2013 )<\/p><\/div><\/div>\t\t\t\t<\/div>\n\t\t\t\t<\/div>\n\t\t\t\t\t<\/div>\n\t\t<\/div>\n\t\t\t\t\t<\/div>\n\t\t<\/section>\n\t\t\t\t<section class=\"elementor-section elementor-top-section elementor-element elementor-element-0af9a41 elementor-section-stretched elementor-section-boxed elementor-section-height-default elementor-section-height-default\" data-id=\"0af9a41\" data-element_type=\"section\" data-e-type=\"section\" data-settings=\"{&quot;stretch_section&quot;:&quot;section-stretched&quot;,&quot;background_background&quot;:&quot;classic&quot;}\">\n\t\t\t\t\t\t<div class=\"elementor-container elementor-column-gap-default\">\n\t\t\t\t\t<div class=\"elementor-column elementor-col-33 elementor-top-column elementor-element elementor-element-529b1f4\" data-id=\"529b1f4\" data-element_type=\"column\" data-e-type=\"column\">\n\t\t\t<div class=\"elementor-widget-wrap elementor-element-populated\">\n\t\t\t\t\t\t<div class=\"elementor-element elementor-element-5e1b132 elementor-position-top elementor-widget elementor-widget-image-box\" data-id=\"5e1b132\" data-element_type=\"widget\" data-e-type=\"widget\" data-widget_type=\"image-box.default\">\n\t\t\t\t<div class=\"elementor-widget-container\">\n\t\t\t\t\t<div class=\"elementor-image-box-wrapper\"><figure class=\"elementor-image-box-img\"><img loading=\"lazy\" decoding=\"async\" width=\"860\" height=\"1152\" src=\"https:\/\/cvietrc.ca\/wp-content\/uploads\/2025\/07\/cvietrc-board-Jean-Francois-Carmel.jpg\" class=\"attachment-full size-full wp-image-4853\" alt=\"Dr. Jean-Fran\u00e7ois Carmel\" srcset=\"https:\/\/cvietrc.ca\/wp-content\/uploads\/2025\/07\/cvietrc-board-Jean-Francois-Carmel.jpg 860w, https:\/\/cvietrc.ca\/wp-content\/uploads\/2025\/07\/cvietrc-board-Jean-Francois-Carmel-224x300.jpg 224w, https:\/\/cvietrc.ca\/wp-content\/uploads\/2025\/07\/cvietrc-board-Jean-Francois-Carmel-764x1024.jpg 764w, https:\/\/cvietrc.ca\/wp-content\/uploads\/2025\/07\/cvietrc-board-Jean-Francois-Carmel-768x1029.jpg 768w\" sizes=\"(max-width: 860px) 100vw, 860px\" \/><\/figure><div class=\"elementor-image-box-content\"><h5 class=\"elementor-image-box-title\">B\u00e1c s\u0129 Jean-Fran\u00e7ois Carmel<\/h5><p class=\"elementor-image-box-description\">Th\u00e0nh vi\u00ean H\u1ed9i \u0111\u1ed3ng Qu\u1ea3n tr\u1ecb (2024\u2013 )<br \/>\nChuy\u00ean gia t\u00e2m l\u00fd l\u00e3o khoa<br \/>\n\u1ee6y ban \u0110\u1ea1o \u0111\u1ee9c v\u00e0 Qu\u1ea3n tr\u1ecb<\/p><\/div><\/div>\t\t\t\t<\/div>\n\t\t\t\t<\/div>\n\t\t\t\t\t<\/div>\n\t\t<\/div>\n\t\t\t\t<div class=\"elementor-column elementor-col-33 elementor-top-column elementor-element elementor-element-d4e2a56\" data-id=\"d4e2a56\" data-element_type=\"column\" data-e-type=\"column\">\n\t\t\t<div class=\"elementor-widget-wrap elementor-element-populated\">\n\t\t\t\t\t\t<div class=\"elementor-element elementor-element-a4c48cf elementor-position-top elementor-widget elementor-widget-image-box\" data-id=\"a4c48cf\" data-element_type=\"widget\" data-e-type=\"widget\" data-widget_type=\"image-box.default\">\n\t\t\t\t<div class=\"elementor-widget-container\">\n\t\t\t\t\t<div class=\"elementor-image-box-wrapper\"><figure class=\"elementor-image-box-img\"><img loading=\"lazy\" decoding=\"async\" width=\"860\" height=\"1152\" src=\"https:\/\/cvietrc.ca\/wp-content\/uploads\/2025\/07\/cvietrc-board-Duong-Dang-Viet-Hue.jpg\" class=\"attachment-full size-full wp-image-4856\" alt=\"Duong Dang Viet Hue\" srcset=\"https:\/\/cvietrc.ca\/wp-content\/uploads\/2025\/07\/cvietrc-board-Duong-Dang-Viet-Hue.jpg 860w, https:\/\/cvietrc.ca\/wp-content\/uploads\/2025\/07\/cvietrc-board-Duong-Dang-Viet-Hue-224x300.jpg 224w, https:\/\/cvietrc.ca\/wp-content\/uploads\/2025\/07\/cvietrc-board-Duong-Dang-Viet-Hue-764x1024.jpg 764w, https:\/\/cvietrc.ca\/wp-content\/uploads\/2025\/07\/cvietrc-board-Duong-Dang-Viet-Hue-768x1029.jpg 768w\" sizes=\"(max-width: 860px) 100vw, 860px\" \/><\/figure><div class=\"elementor-image-box-content\"><h5 class=\"elementor-image-box-title\">D\u01b0\u01a1ng \u0110\u0103ng Vi\u1ebft Hu\u1ec7<\/h5><p class=\"elementor-image-box-description\">Th\u00e0nh vi\u00ean H\u1ed9i \u0111\u1ed3ng Qu\u1ea3n tr\u1ecb (2025\u2013 )<br \/>\n\u1ee6y ban Ng\u01b0\u1eddi s\u1eed d\u1ee5ng<\/p><\/div><\/div>\t\t\t\t<\/div>\n\t\t\t\t<\/div>\n\t\t\t\t\t<\/div>\n\t\t<\/div>\n\t\t\t\t<div class=\"elementor-column elementor-col-33 elementor-top-column elementor-element elementor-element-c68c9c8\" data-id=\"c68c9c8\" data-element_type=\"column\" data-e-type=\"column\">\n\t\t\t<div class=\"elementor-widget-wrap\">\n\t\t\t\t\t\t\t<\/div>\n\t\t<\/div>\n\t\t\t\t\t<\/div>\n\t\t<\/section>\n\t\t\t\t<\/div>\n\t\t","protected":false},"excerpt":{"rendered":"<p>Trung t\u00e2m H\u1ed7 tr\u1ee3 C\u1ed9ng \u0111\u1ed3ng Vi\u1ec7t Nam M\u1ee5c ti\u00eau v\u00e0 S\u1ee9 m\u1ec7nh C\u0169ng c\u1ea5p d\u1ecbch v\u1ee5 gi\u1edbi thi\u1ec7u v\u00e0 h\u1ed7 tr\u1ee3 c\u00e1c th\u00e0nh vi\u00ean trong c\u1ed9ng \u0111\u1ed3ng ng\u01b0\u1eddi Vi\u1ec7t [&hellip;]<\/p>\n","protected":false},"author":1,"featured_media":0,"parent":0,"menu_order":0,"comment_status":"closed","ping_status":"closed","template":"templates\/blank.php","meta":{"footnotes":""},"class_list":["post-4874","page","type-page","status-publish","hentry"],"_links":{"self":[{"href":"https:\/\/cvietrc.ca\/vi\/wp-json\/wp\/v2\/pages\/4874","targetHints":{"allow":["GET"]}}],"collection":[{"href":"https:\/\/cvietrc.ca\/vi\/wp-json\/wp\/v2\/pages"}],"about":[{"href":"https:\/\/cvietrc.ca\/vi\/wp-json\/wp\/v2\/types\/page"}],"author":[{"embeddable":true,"href":"https:\/\/cvietrc.ca\/vi\/wp-json\/wp\/v2\/users\/1"}],"replies":[{"embeddable":true,"href":"https:\/\/cvietrc.ca\/vi\/wp-json\/wp\/v2\/comments?post=4874"}],"version-history":[{"count":17,"href":"https:\/\/cvietrc.ca\/vi\/wp-json\/wp\/v2\/pages\/4874\/revisions"}],"predecessor-version":[{"id":4944,"href":"https:\/\/cvietrc.ca\/vi\/wp-json\/wp\/v2\/pages\/4874\/revisions\/4944"}],"wp:attachment":[{"href":"https:\/\/cvietrc.ca\/vi\/wp-json\/wp\/v2\/media?parent=4874"}],"curies":[{"name":"wp","href":"https:\/\/api.w.org\/{rel}","templated":true}]}}