{"id":4184,"date":"2022-12-19T10:02:24","date_gmt":"2022-12-19T15:02:24","guid":{"rendered":"https:\/\/cvietrc.ca\/?page_id=4184"},"modified":"2025-10-17T10:59:29","modified_gmt":"2025-10-17T14:59:29","slug":"luu-tru-tai-lieu-va-thong-tin-cong-dong","status":"publish","type":"page","link":"https:\/\/cvietrc.ca\/vi\/luu-tru-tai-lieu-va-thong-tin-cong-dong\/","title":{"rendered":"L\u01b0u tr\u1eef\u00a0 t\u00e0i li\u1ec7u v\u00e0 th\u00f4ng tin c\u1ed9ng \u0111\u1ed3ng"},"content":{"rendered":"\t\t<div data-elementor-type=\"wp-page\" data-elementor-id=\"4184\" class=\"elementor elementor-4184 elementor-4112\">\n\t\t\t\t\t\t<section class=\"elementor-section elementor-top-section elementor-element elementor-element-fff0996 elementor-section-boxed elementor-section-height-default elementor-section-height-default\" data-id=\"fff0996\" data-element_type=\"section\" data-e-type=\"section\" data-settings=\"{&quot;background_background&quot;:&quot;classic&quot;}\">\n\t\t\t\t\t\t<div class=\"elementor-container elementor-column-gap-default\">\n\t\t\t\t\t<div class=\"elementor-column elementor-col-100 elementor-top-column elementor-element elementor-element-028c97e\" data-id=\"028c97e\" data-element_type=\"column\" data-e-type=\"column\">\n\t\t\t<div class=\"elementor-widget-wrap elementor-element-populated\">\n\t\t\t\t\t\t<div class=\"elementor-element elementor-element-e6abd63 elementor-widget elementor-widget-wpwaxtheme-title\" data-id=\"e6abd63\" data-element_type=\"widget\" data-e-type=\"widget\" data-widget_type=\"wpwaxtheme-title.default\">\n\t\t\t\t<div class=\"elementor-widget-container\">\n\t\t\t\t\t<div class=\"theme-section-title\">\n\n\t<h1 class=\"theme-section-title__title\">L\u01b0u tr\u1eef  t\u00e0i li\u1ec7u v\u00e0 th\u00f4ng tin c\u1ed9ng \u0111\u1ed3ng<\/h1>\n\n\t\t\n<\/div>\t\t\t\t<\/div>\n\t\t\t\t<\/div>\n\t\t\t\t\t<\/div>\n\t\t<\/div>\n\t\t\t\t\t<\/div>\n\t\t<\/section>\n\t\t\t\t<section class=\"elementor-section elementor-top-section elementor-element elementor-element-7355ce46 elementor-section-stretched elementor-section-boxed elementor-section-height-default elementor-section-height-default\" data-id=\"7355ce46\" data-element_type=\"section\" data-e-type=\"section\" data-settings=\"{&quot;stretch_section&quot;:&quot;section-stretched&quot;,&quot;background_background&quot;:&quot;classic&quot;}\">\n\t\t\t\t\t\t<div class=\"elementor-container elementor-column-gap-default\">\n\t\t\t\t\t<div class=\"elementor-column elementor-col-100 elementor-top-column elementor-element elementor-element-2c848f6\" data-id=\"2c848f6\" data-element_type=\"column\" data-e-type=\"column\">\n\t\t\t<div class=\"elementor-widget-wrap elementor-element-populated\">\n\t\t\t\t\t\t<section class=\"elementor-section elementor-inner-section elementor-element elementor-element-ae2a74d elementor-section-boxed elementor-section-height-default elementor-section-height-default\" data-id=\"ae2a74d\" data-element_type=\"section\" data-e-type=\"section\">\n\t\t\t\t\t\t<div class=\"elementor-container elementor-column-gap-default\">\n\t\t\t\t\t<div class=\"elementor-column elementor-col-33 elementor-inner-column elementor-element elementor-element-dc53433\" data-id=\"dc53433\" data-element_type=\"column\" data-e-type=\"column\">\n\t\t\t<div class=\"elementor-widget-wrap elementor-element-populated\">\n\t\t\t\t\t\t<div class=\"elementor-element elementor-element-8b4e51f elementor-widget__width-initial elementor-view-default elementor-widget elementor-widget-icon\" data-id=\"8b4e51f\" data-element_type=\"widget\" data-e-type=\"widget\" data-widget_type=\"icon.default\">\n\t\t\t\t<div class=\"elementor-widget-container\">\n\t\t\t\t\t\t\t<div class=\"elementor-icon-wrapper\">\n\t\t\t<div class=\"elementor-icon\">\n\t\t\t<i aria-hidden=\"true\" class=\"fas fa-file-download\"><\/i>\t\t\t<\/div>\n\t\t<\/div>\n\t\t\t\t\t\t<\/div>\n\t\t\t\t<\/div>\n\t\t\t\t\t<\/div>\n\t\t<\/div>\n\t\t\t\t<div class=\"elementor-column elementor-col-33 elementor-inner-column elementor-element elementor-element-690ed67\" data-id=\"690ed67\" data-element_type=\"column\" data-e-type=\"column\">\n\t\t\t<div class=\"elementor-widget-wrap elementor-element-populated\">\n\t\t\t\t\t\t<div class=\"elementor-element elementor-element-576bf16 elementor-widget elementor-widget-text-editor\" data-id=\"576bf16\" data-element_type=\"widget\" data-e-type=\"widget\" data-widget_type=\"text-editor.default\">\n\t\t\t\t<div class=\"elementor-widget-container\">\n\t\t\t\t\t\t\t\t\t<p><strong>A nh\u01b0 ng\u01b0\u1eddi ch\u00e2u \u00c1, v\u0103n h\u00f3a \u00c1<br \/><\/strong>\u201cThi\u1ec3u s\u1ed1 g\u01b0\u01a1ng m\u1eabu\u201d, m\u1ed9t c\u1ee5m t\u1eeb mang ch\u00fat h\u00e0i h\u01b0\u1edbc \u0111\u00e1ng lo ng\u1ea1i; l\u1eddi ph\u00ea b\u00ecnh \u0111\u01b0\u1ee3c c\u1ea3i trang g\u00f3i gh\u00e9m qua c\u00e2u khen ng\u1ee3i. S\u1ef1 ph\u00e2n bi\u1ec7t v\u00e0 k\u1ef3 th\u1ecb ch\u1ee7ng t\u1ed9c \u0111\u1ed1i v\u1edbi ng\u01b0\u1eddi ch\u00e2u \u00c1 th\u01b0\u1eddng mang nh\u1eefng chi\u1ebfc m\u1eb7t n\u1ea1 v\u00f4 h\u00ecnh. Trung t\u00e2m H\u1ed7 tr\u1ee3 C\u1ed9ng \u0111\u1ed3ng Vi\u1ec7t Nam (CvietRC) tr\u00ecnh b\u00e0y n\u0103m video v\u1ec1 ch\u1ee7 \u0111\u1ec1 k\u1ef3 th\u1ecb ch\u1ee7ng t\u1ed9c \u0111\u1ed1i v\u1edbi ng\u01b0\u1eddi ch\u00e2u \u00c1 t\u1ea1i Canada. M\u1ed7i video n\u00f3i l\u00ean m\u1ed9t \u0111\u1ec1 t\u00e0i: L\u00ean ti\u1ebfng, H\u1ed9p, Kh\u00f3 n\u00f3i n\u00ean l\u1eddi, T\u1eeb b\u1ecf v\u00e0 Con \u0111\u01b0\u1eddng s\u1ef1 nghi\u1ec7p.<\/p>\t\t\t\t\t\t\t\t<\/div>\n\t\t\t\t<\/div>\n\t\t\t\t\t<\/div>\n\t\t<\/div>\n\t\t\t\t<div class=\"elementor-column elementor-col-33 elementor-inner-column elementor-element elementor-element-73c1229\" data-id=\"73c1229\" data-element_type=\"column\" data-e-type=\"column\">\n\t\t\t<div class=\"elementor-widget-wrap elementor-element-populated\">\n\t\t\t\t\t\t<div class=\"elementor-element elementor-element-7aa096b elementor-align-center elementor-tablet-align-left elementor-mobile-align-left elementor-widget elementor-widget-button\" data-id=\"7aa096b\" data-element_type=\"widget\" data-e-type=\"widget\" data-widget_type=\"button.default\">\n\t\t\t\t<div class=\"elementor-widget-container\">\n\t\t\t\t\t\t\t\t\t<div class=\"elementor-button-wrapper\">\n\t\t\t\t\t<a class=\"elementor-button elementor-button-link elementor-size-xs\" href=\"https:\/\/youtu.be\/_mwvckp3i3M?si=2wGoxQd6Vyw5OtRz\" target=\"_blank\">\n\t\t\t\t\t\t<span class=\"elementor-button-content-wrapper\">\n\t\t\t\t\t\t\t\t\t<span class=\"elementor-button-text\">Xem phim<\/span>\n\t\t\t\t\t<\/span>\n\t\t\t\t\t<\/a>\n\t\t\t\t<\/div>\n\t\t\t\t\t\t\t\t<\/div>\n\t\t\t\t<\/div>\n\t\t\t\t\t<\/div>\n\t\t<\/div>\n\t\t\t\t\t<\/div>\n\t\t<\/section>\n\t\t\t\t<section class=\"elementor-section elementor-inner-section elementor-element elementor-element-2777d57 elementor-section-boxed elementor-section-height-default elementor-section-height-default\" data-id=\"2777d57\" data-element_type=\"section\" data-e-type=\"section\">\n\t\t\t\t\t\t<div class=\"elementor-container elementor-column-gap-default\">\n\t\t\t\t\t<div class=\"elementor-column elementor-col-33 elementor-inner-column elementor-element elementor-element-f862c35\" data-id=\"f862c35\" data-element_type=\"column\" data-e-type=\"column\">\n\t\t\t<div class=\"elementor-widget-wrap elementor-element-populated\">\n\t\t\t\t\t\t<div class=\"elementor-element elementor-element-759205e elementor-widget__width-initial elementor-view-default elementor-widget elementor-widget-icon\" data-id=\"759205e\" data-element_type=\"widget\" data-e-type=\"widget\" data-widget_type=\"icon.default\">\n\t\t\t\t<div class=\"elementor-widget-container\">\n\t\t\t\t\t\t\t<div class=\"elementor-icon-wrapper\">\n\t\t\t<div class=\"elementor-icon\">\n\t\t\t<i aria-hidden=\"true\" class=\"fas fa-file-download\"><\/i>\t\t\t<\/div>\n\t\t<\/div>\n\t\t\t\t\t\t<\/div>\n\t\t\t\t<\/div>\n\t\t\t\t\t<\/div>\n\t\t<\/div>\n\t\t\t\t<div class=\"elementor-column elementor-col-33 elementor-inner-column elementor-element elementor-element-951dcc6\" data-id=\"951dcc6\" data-element_type=\"column\" data-e-type=\"column\">\n\t\t\t<div class=\"elementor-widget-wrap elementor-element-populated\">\n\t\t\t\t\t\t<div class=\"elementor-element elementor-element-bf0dfa4 elementor-widget elementor-widget-text-editor\" data-id=\"bf0dfa4\" data-element_type=\"widget\" data-e-type=\"widget\" data-widget_type=\"text-editor.default\">\n\t\t\t\t<div class=\"elementor-widget-container\">\n\t\t\t\t\t\t\t\t\t<p><strong>Balado \u00ab\u00catre une jeune femme de nouvelle g\u00e9n\u00e9ration vietnamienne n\u00e9e au Canada\u00bb<br \/><\/strong><em>Observatoire des profilages, April 1st, 2024<\/em><\/p><ul><li class=\"p1\"><a href=\"https:\/\/open.spotify.com\/episode\/4AT2wux53vfggiyjNsAido?go=1&amp;sp_cid=65342200ff98fdd5c51d5cbf200bed92&amp;utm_source=embed_player_p&amp;utm_medium=desktop&amp;nd=1&amp;dlsi=46ad0239f05a4e95\" target=\"_blank\" rel=\"noopener\"><span class=\"s1\">\u00c9pisode 1 &#8211; Se construire<\/span><\/a><\/li><li class=\"p1\"><a href=\"https:\/\/open.spotify.com\/episode\/3kio3mQibGvfYV0he57eqz?go=1&amp;sp_cid=65342200ff98fdd5c51d5cbf200bed92&amp;utm_source=embed_player_p&amp;utm_medium=desktop&amp;nd=1&amp;dlsi=205e69502aac4734\" target=\"_blank\" rel=\"noopener\"><span class=\"s1\">\u00c9pisode 2 &#8211; S\u2019\u00e9manciper<\/span><\/a><\/li><li class=\"p1\"><a href=\"https:\/\/open.spotify.com\/episode\/5X5zC06sfWERlwfEGKeOe0?go=1&amp;sp_cid=65342200ff98fdd5c51d5cbf200bed92&amp;utm_source=embed_player_p&amp;utm_medium=desktop&amp;nd=1&amp;dlsi=08670688740946ec\" target=\"_blank\" rel=\"noopener\"><span class=\"s1\">\u00c9pisode 3 &#8211; S\u2019affirmer<\/span><\/a><\/li><li class=\"p1\"><a href=\"https:\/\/open.spotify.com\/episode\/5sG8xwhtskfnOvA68XUPi2?go=1&amp;sp_cid=65342200ff98fdd5c51d5cbf200bed92&amp;utm_source=embed_player_p&amp;utm_medium=desktop&amp;nd=1&amp;dlsi=cde06944a460483c\" target=\"_blank\" rel=\"noopener\"><span class=\"s1\">\u00c9pisode 4 &#8211; Se d\u00e9fendre<\/span><\/a><\/li><\/ul>\t\t\t\t\t\t\t\t<\/div>\n\t\t\t\t<\/div>\n\t\t\t\t\t<\/div>\n\t\t<\/div>\n\t\t\t\t<div class=\"elementor-column elementor-col-33 elementor-inner-column elementor-element elementor-element-7216936\" data-id=\"7216936\" data-element_type=\"column\" data-e-type=\"column\">\n\t\t\t<div class=\"elementor-widget-wrap elementor-element-populated\">\n\t\t\t\t\t\t<div class=\"elementor-element elementor-element-4a564a5 elementor-align-center elementor-tablet-align-left elementor-mobile-align-left elementor-widget elementor-widget-button\" data-id=\"4a564a5\" data-element_type=\"widget\" data-e-type=\"widget\" data-widget_type=\"button.default\">\n\t\t\t\t<div class=\"elementor-widget-container\">\n\t\t\t\t\t\t\t\t\t<div class=\"elementor-button-wrapper\">\n\t\t\t\t\t<a class=\"elementor-button elementor-button-link elementor-size-xs\" href=\"https:\/\/www.observatoiredesprofilages.ca\/balado-etre-une-jeune-femme-de-nouvelle-generation-vietnamienne-nee-au-canada\/\" target=\"_blank\">\n\t\t\t\t\t\t<span class=\"elementor-button-content-wrapper\">\n\t\t\t\t\t\t\t\t\t<span class=\"elementor-button-text\">\u0110\u1ecdc<\/span>\n\t\t\t\t\t<\/span>\n\t\t\t\t\t<\/a>\n\t\t\t\t<\/div>\n\t\t\t\t\t\t\t\t<\/div>\n\t\t\t\t<\/div>\n\t\t\t\t\t<\/div>\n\t\t<\/div>\n\t\t\t\t\t<\/div>\n\t\t<\/section>\n\t\t\t\t<section class=\"elementor-section elementor-inner-section elementor-element elementor-element-e4b7921 elementor-section-boxed elementor-section-height-default elementor-section-height-default\" data-id=\"e4b7921\" data-element_type=\"section\" data-e-type=\"section\">\n\t\t\t\t\t\t<div class=\"elementor-container elementor-column-gap-default\">\n\t\t\t\t\t<div class=\"elementor-column elementor-col-33 elementor-inner-column elementor-element elementor-element-fde1ca4\" data-id=\"fde1ca4\" data-element_type=\"column\" data-e-type=\"column\">\n\t\t\t<div class=\"elementor-widget-wrap elementor-element-populated\">\n\t\t\t\t\t\t<div class=\"elementor-element elementor-element-1a6b120 elementor-widget__width-initial elementor-view-default elementor-widget elementor-widget-icon\" data-id=\"1a6b120\" data-element_type=\"widget\" data-e-type=\"widget\" data-widget_type=\"icon.default\">\n\t\t\t\t<div class=\"elementor-widget-container\">\n\t\t\t\t\t\t\t<div class=\"elementor-icon-wrapper\">\n\t\t\t<div class=\"elementor-icon\">\n\t\t\t<i aria-hidden=\"true\" class=\"fas fa-file-download\"><\/i>\t\t\t<\/div>\n\t\t<\/div>\n\t\t\t\t\t\t<\/div>\n\t\t\t\t<\/div>\n\t\t\t\t\t<\/div>\n\t\t<\/div>\n\t\t\t\t<div class=\"elementor-column elementor-col-33 elementor-inner-column elementor-element elementor-element-cc1d8a5\" data-id=\"cc1d8a5\" data-element_type=\"column\" data-e-type=\"column\">\n\t\t\t<div class=\"elementor-widget-wrap elementor-element-populated\">\n\t\t\t\t\t\t<div class=\"elementor-element elementor-element-7062734 elementor-widget elementor-widget-text-editor\" data-id=\"7062734\" data-element_type=\"widget\" data-e-type=\"widget\" data-widget_type=\"text-editor.default\">\n\t\t\t\t<div class=\"elementor-widget-container\">\n\t\t\t\t\t\t\t\t\t<p><strong>Portrait of the social, political and economic participation of racialized groups<br \/><\/strong><em>The Daily, May 17, 2022 [English]<\/em><\/p>\t\t\t\t\t\t\t\t<\/div>\n\t\t\t\t<\/div>\n\t\t\t\t\t<\/div>\n\t\t<\/div>\n\t\t\t\t<div class=\"elementor-column elementor-col-33 elementor-inner-column elementor-element elementor-element-e84246a\" data-id=\"e84246a\" data-element_type=\"column\" data-e-type=\"column\">\n\t\t\t<div class=\"elementor-widget-wrap elementor-element-populated\">\n\t\t\t\t\t\t<div class=\"elementor-element elementor-element-1894630 elementor-align-center elementor-tablet-align-left elementor-mobile-align-left elementor-widget elementor-widget-button\" data-id=\"1894630\" data-element_type=\"widget\" data-e-type=\"widget\" data-widget_type=\"button.default\">\n\t\t\t\t<div class=\"elementor-widget-container\">\n\t\t\t\t\t\t\t\t\t<div class=\"elementor-button-wrapper\">\n\t\t\t\t\t<a class=\"elementor-button elementor-button-link elementor-size-xs\" href=\"https:\/\/cvietrc.ca\/wp-content\/uploads\/2022\/12\/Participation-of-racialized-groups.pdf\" target=\"_blank\">\n\t\t\t\t\t\t<span class=\"elementor-button-content-wrapper\">\n\t\t\t\t\t\t\t\t\t<span class=\"elementor-button-text\">\u0110\u1ecdc<\/span>\n\t\t\t\t\t<\/span>\n\t\t\t\t\t<\/a>\n\t\t\t\t<\/div>\n\t\t\t\t\t\t\t\t<\/div>\n\t\t\t\t<\/div>\n\t\t\t\t\t<\/div>\n\t\t<\/div>\n\t\t\t\t\t<\/div>\n\t\t<\/section>\n\t\t\t\t\t<\/div>\n\t\t<\/div>\n\t\t\t\t\t<\/div>\n\t\t<\/section>\n\t\t\t\t<\/div>\n\t\t","protected":false},"excerpt":{"rendered":"<p>L\u01b0u tr\u1eef t\u00e0i li\u1ec7u v\u00e0 th\u00f4ng tin c\u1ed9ng \u0111\u1ed3ng A nh\u01b0 ng\u01b0\u1eddi ch\u00e2u \u00c1, v\u0103n h\u00f3a \u00c1\u201cThi\u1ec3u s\u1ed1 g\u01b0\u01a1ng m\u1eabu\u201d, m\u1ed9t c\u1ee5m t\u1eeb mang ch\u00fat h\u00e0i h\u01b0\u1edbc \u0111\u00e1ng lo ng\u1ea1i; [&hellip;]<\/p>\n","protected":false},"author":1,"featured_media":0,"parent":0,"menu_order":0,"comment_status":"closed","ping_status":"closed","template":"templates\/blank.php","meta":{"footnotes":""},"class_list":["post-4184","page","type-page","status-publish","hentry"],"_links":{"self":[{"href":"https:\/\/cvietrc.ca\/vi\/wp-json\/wp\/v2\/pages\/4184","targetHints":{"allow":["GET"]}}],"collection":[{"href":"https:\/\/cvietrc.ca\/vi\/wp-json\/wp\/v2\/pages"}],"about":[{"href":"https:\/\/cvietrc.ca\/vi\/wp-json\/wp\/v2\/types\/page"}],"author":[{"embeddable":true,"href":"https:\/\/cvietrc.ca\/vi\/wp-json\/wp\/v2\/users\/1"}],"replies":[{"embeddable":true,"href":"https:\/\/cvietrc.ca\/vi\/wp-json\/wp\/v2\/comments?post=4184"}],"version-history":[{"count":19,"href":"https:\/\/cvietrc.ca\/vi\/wp-json\/wp\/v2\/pages\/4184\/revisions"}],"predecessor-version":[{"id":4962,"href":"https:\/\/cvietrc.ca\/vi\/wp-json\/wp\/v2\/pages\/4184\/revisions\/4962"}],"wp:attachment":[{"href":"https:\/\/cvietrc.ca\/vi\/wp-json\/wp\/v2\/media?parent=4184"}],"curies":[{"name":"wp","href":"https:\/\/api.w.org\/{rel}","templated":true}]}}