{"id":3445,"date":"2022-08-04T13:24:34","date_gmt":"2022-08-04T17:24:34","guid":{"rendered":"https:\/\/cvietrc.ca\/?page_id=3445"},"modified":"2022-12-15T03:57:40","modified_gmt":"2022-12-15T08:57:40","slug":"legal-notice-vi","status":"publish","type":"page","link":"https:\/\/cvietrc.ca\/vi\/legal-notice-vi\/","title":{"rendered":"Th\u00f4ng b\u00e1o ph\u00e1p l\u00fd"},"content":{"rendered":"\n<div class=\"wp-block-columns is-layout-flex wp-container-core-columns-is-layout-9d6595d7 wp-block-columns-is-layout-flex\">\n<div class=\"wp-block-column is-layout-flow wp-block-column-is-layout-flow\" style=\"flex-basis:25%\"><\/div>\n\n\n\n<div class=\"wp-block-column is-layout-flow wp-block-column-is-layout-flow\" style=\"flex-basis:50%\">\n<h2>Tr\u00e1ch nhi\u1ec7m<\/h2>\n<p>Trong qu\u00e1 tr\u00ecnh c\u1ed1 g\u1eafng \u0111\u1ea3m b\u1ea3o t\u1ed1t nh\u1ea5t t\u00ednh s\u1eb5n c\u00f3, ch\u00ednh x\u00e1c v\u00e0 c\u1eadp nh\u1eadt c\u1ee7a th\u00f4ng tin cung c\u1ea5p tr\u00ean trang &#8220;<a href=\"http:\/\/cvietrc.ca\/\">cvietrc.ca<\/a>&#8220;, Trung t\u00e2m H\u1ed7 tr\u1ee3 C\u1ed9ng \u0111\u1ed3ng Vi\u1ec7t (CVietRC) c\u00f3 quy\u1ec1n \u0111i\u1ec1u ch\u1ec9nh b\u1ea5t c\u1ee9 l\u00fac n\u00e0o n\u1ed9i dung m\u00e0 kh\u00f4ng c\u1ea7n th\u00f4ng b\u00e1o. Tuy nhi\u00ean, CVietRC kh\u00f4ng th\u1ec3 kh\u1eb3ng \u0111\u1ecbnh t\u00ednh s\u1eb5n c\u00f3, c\u1eadp nh\u1eadt ch\u00ednh x\u00e1c ho\u1eb7c tr\u1ecdn v\u1eb9n c\u1ee7a th\u00f4ng tin \u0111\u01b0\u1ee3c cung c\u1ea5p tr\u01b0\u1edbc \u0111\u00f3.<\/p>\n<p>CVietRC kh\u00f4ng ch\u1ecbu tr\u00e1ch nhi\u1ec7m \u0111\u1ed1i v\u1edbi b\u1ea5t k\u1ef3 thi\u1ec7t h\u1ea1i n\u00e0o ph\u00e1t sinh t\u1eeb \u0111\u00f3. C\u00e1c \u0111\u01b0\u1eddng d\u1eabn \u0111\u1ebfn c\u00e1c trang web kh\u00e1c \u0111\u01b0\u1ee3c cung c\u1ea5p cho ng\u01b0\u1eddi d\u00f9ng ch\u1ec9 nh\u01b0 m\u1ed9t s\u1ef1 thu\u1eadn ti\u1ec7n \/ (\u0111\u1ec3 ng\u01b0\u1eddi d\u00f9ng t\u1ef1 tra c\u1ee9u).<\/p>\n<h2>N\u1ed9i dung c\u1ee7a trang web<\/h2>\n<p>B\u1ea5t k\u1ef3 vi\u1ec7c sao ch\u00e9p, tr\u00ecnh b\u00e0y tr\u1ecdn v\u1eb9n ho\u1eb7c m\u1ed9t ph\u1ea7n, \u0111i\u1ec1u ch\u1ec9nh, cung c\u1ea5p hay s\u1eeda \u0111\u1ed5i c\u00e1c n\u1ed9i dung n\u00e0y theo b\u1ea5t k\u1ef3 quy tr\u00ecnh n\u00e0o, b\u1ea5t k\u1ef3 ng\u01b0\u1eddi n\u00e0o v\u00e0 b\u1eb1ng b\u1ea5t k\u1ef3 ph\u01b0\u01a1ng ti\u1ec7n n\u00e0o (\u0111\u1eb7c bi\u1ec7t l\u00e0 v\u1edbi m\u1ee5c \u0111\u00edch b\u00e1n, ti\u1ebfp th\u1ecb, cho thu\u00ea, v.v.) m\u00e0 kh\u00f4ng \u0111\u01b0\u1ee3c s\u1ef1 cho ph\u00e9p c\u1ee7a c\u00e1c t\u00e1c gi\u1ea3 ho\u1eb7c ng\u01b0\u1eddi k\u1ebf v\u1ecb c\u1ee7a h\u1ecd \u0111\u1eb7c bi\u1ec7t b\u1ecb nghi\u00eam c\u1ea5m v\u00e0 s\u1ebd b\u1ecb x\u1eed l\u00fd theo Lu\u1eadt S\u1edf h\u1eefu tr\u00ed tu\u1ec7.<\/p>\n<h2>Nh\u00e0 xu\u1ea5t b\u1ea3n<\/h2>\n<p>Trung t\u00e2m H\u1ed7 tr\u1ee3 C\u1ed9ng \u0111\u1ed3ng Vi\u1ec7t<br \/>\u0110i\u1ec7n tho\u1ea1i: (514) 449-7728<br \/>H\u1ed9p th\u01b0: <a href=\"mailto:info@cvietrc.ca\">info@cvietrc.ca<\/a><br \/>Ph\u1ee5 tr\u00e1ch bi\u00ean t\u1eadp: Nguy\u1ec5n Kim Ph\u01b0\u1ee3ng<\/p>\n<h2>L\u01b0u tr\u1eef Web<\/h2>\n<p><a href=\"https:\/\/whc.ca\/fr\" target=\"_blank\" rel=\"noopener\">Web Hosting Canada<\/a><\/p>\n<h2>Thi\u1ebft k\u1ebf v\u00e0 x\u00e2y d\u1ef1ng:<\/h2>\n<p><a href=\"https:\/\/www.bertrand-meunier.com\/\" target=\"_blank\" rel=\"noopener\">Bertrand Meunier<\/a><\/p>\n<h2>T\u00edn d\u1ee5ng<\/h2>\n<p>Minh h\u1ecda: Freepik | \u1ea2nh: Unsplash<\/p>\n<\/div>\n\n\n\n<div class=\"wp-block-column is-layout-flow wp-block-column-is-layout-flow\" style=\"flex-basis:25%\"><\/div>\n<\/div>\n","protected":false},"excerpt":{"rendered":"<p>Tr\u00e1ch nhi\u1ec7m Trong qu\u00e1 tr\u00ecnh c\u1ed1 g\u1eafng \u0111\u1ea3m b\u1ea3o t\u1ed1t nh\u1ea5t t\u00ednh s\u1eb5n c\u00f3, ch\u00ednh x\u00e1c v\u00e0 c\u1eadp nh\u1eadt c\u1ee7a th\u00f4ng tin cung c\u1ea5p tr\u00ean trang &#8220;cvietrc.ca&#8220;, Trung t\u00e2m H\u1ed7 [&hellip;]<\/p>\n","protected":false},"author":1,"featured_media":0,"parent":0,"menu_order":0,"comment_status":"closed","ping_status":"closed","template":"","meta":{"footnotes":""},"class_list":["post-3445","page","type-page","status-publish","hentry"],"_links":{"self":[{"href":"https:\/\/cvietrc.ca\/vi\/wp-json\/wp\/v2\/pages\/3445","targetHints":{"allow":["GET"]}}],"collection":[{"href":"https:\/\/cvietrc.ca\/vi\/wp-json\/wp\/v2\/pages"}],"about":[{"href":"https:\/\/cvietrc.ca\/vi\/wp-json\/wp\/v2\/types\/page"}],"author":[{"embeddable":true,"href":"https:\/\/cvietrc.ca\/vi\/wp-json\/wp\/v2\/users\/1"}],"replies":[{"embeddable":true,"href":"https:\/\/cvietrc.ca\/vi\/wp-json\/wp\/v2\/comments?post=3445"}],"version-history":[{"count":6,"href":"https:\/\/cvietrc.ca\/vi\/wp-json\/wp\/v2\/pages\/3445\/revisions"}],"predecessor-version":[{"id":4083,"href":"https:\/\/cvietrc.ca\/vi\/wp-json\/wp\/v2\/pages\/3445\/revisions\/4083"}],"wp:attachment":[{"href":"https:\/\/cvietrc.ca\/vi\/wp-json\/wp\/v2\/media?parent=3445"}],"curies":[{"name":"wp","href":"https:\/\/api.w.org\/{rel}","templated":true}]}}