{"id":3350,"date":"2021-09-07T12:49:38","date_gmt":"2021-09-07T16:49:38","guid":{"rendered":"https:\/\/cvietrc.ca\/?page_id=3350"},"modified":"2023-09-26T05:10:11","modified_gmt":"2023-09-26T09:10:11","slug":"trang-chu","status":"publish","type":"page","link":"https:\/\/cvietrc.ca\/vi\/","title":{"rendered":"Trang ch\u1ee7"},"content":{"rendered":"\t\t<div data-elementor-type=\"wp-page\" data-elementor-id=\"3350\" class=\"elementor elementor-3350 elementor-109\">\n\t\t\t\t\t\t<section class=\"elementor-section elementor-top-section elementor-element elementor-element-6dea54a elementor-section-content-middle elementor-section-boxed elementor-section-height-default elementor-section-height-default\" data-id=\"6dea54a\" data-element_type=\"section\" data-e-type=\"section\" data-settings=\"{&quot;background_background&quot;:&quot;classic&quot;}\">\n\t\t\t\t\t\t<div class=\"elementor-container elementor-column-gap-default\">\n\t\t\t\t\t<div class=\"elementor-column elementor-col-50 elementor-top-column elementor-element elementor-element-4124c4ba\" data-id=\"4124c4ba\" data-element_type=\"column\" data-e-type=\"column\">\n\t\t\t<div class=\"elementor-widget-wrap elementor-element-populated\">\n\t\t\t\t\t\t<div class=\"elementor-element elementor-element-58b3d5d8 elementor-widget elementor-widget-wpwaxtheme-title\" data-id=\"58b3d5d8\" data-element_type=\"widget\" data-e-type=\"widget\" data-widget_type=\"wpwaxtheme-title.default\">\n\t\t\t\t<div class=\"elementor-widget-container\">\n\t\t\t\t\t<div class=\"theme-section-title\">\n\n\t<h1 class=\"theme-section-title__title\">Ch\u00e0o m\u1eebng \u0111\u1ebfn v\u1edbi Trung t\u00e2m H\u1ed7 tr\u1ee3 C\u1ed9ng \u0111\u1ed3ng Vi\u1ec7t Nam<\/h1>\n\n\t\t\n<\/div>\t\t\t\t<\/div>\n\t\t\t\t<\/div>\n\t\t\t\t<div class=\"elementor-element elementor-element-2b2287db elementor-widget elementor-widget-button\" data-id=\"2b2287db\" data-element_type=\"widget\" data-e-type=\"widget\" data-widget_type=\"button.default\">\n\t\t\t\t<div class=\"elementor-widget-container\">\n\t\t\t\t\t\t\t\t\t<div class=\"elementor-button-wrapper\">\n\t\t\t\t\t<a class=\"elementor-button elementor-button-link elementor-size-sm\" href=\"#mission\">\n\t\t\t\t\t\t<span class=\"elementor-button-content-wrapper\">\n\t\t\t\t\t\t<span class=\"elementor-button-icon\">\n\t\t\t\t<i aria-hidden=\"true\" class=\"fas fa-arrow-right\"><\/i>\t\t\t<\/span>\n\t\t\t\t\t\t\t\t\t<span class=\"elementor-button-text\">\u0110\u1ec3 t\u00ecm hi\u1ec3u th\u00eam<\/span>\n\t\t\t\t\t<\/span>\n\t\t\t\t\t<\/a>\n\t\t\t\t<\/div>\n\t\t\t\t\t\t\t\t<\/div>\n\t\t\t\t<\/div>\n\t\t\t\t\t<\/div>\n\t\t<\/div>\n\t\t\t\t<div class=\"elementor-column elementor-col-50 elementor-top-column elementor-element elementor-element-65462c8c\" data-id=\"65462c8c\" data-element_type=\"column\" data-e-type=\"column\">\n\t\t\t<div class=\"elementor-widget-wrap elementor-element-populated\">\n\t\t\t\t\t\t<div class=\"elementor-element elementor-element-5750580b elementor-widget elementor-widget-image\" data-id=\"5750580b\" data-element_type=\"widget\" data-e-type=\"widget\" data-widget_type=\"image.default\">\n\t\t\t\t<div class=\"elementor-widget-container\">\n\t\t\t\t\t\t\t\t\t\t\t\t\t\t\t<img fetchpriority=\"high\" decoding=\"async\" width=\"1024\" height=\"870\" src=\"https:\/\/cvietrc.ca\/wp-content\/uploads\/2022\/08\/hero-image-illustration-1024x870.png\" class=\"attachment-large size-large wp-image-3232\" alt=\"CVRC\" srcset=\"https:\/\/cvietrc.ca\/wp-content\/uploads\/2022\/08\/hero-image-illustration-1024x870.png 1024w, https:\/\/cvietrc.ca\/wp-content\/uploads\/2022\/08\/hero-image-illustration-300x255.png 300w, https:\/\/cvietrc.ca\/wp-content\/uploads\/2022\/08\/hero-image-illustration-768x653.png 768w, https:\/\/cvietrc.ca\/wp-content\/uploads\/2022\/08\/hero-image-illustration-1536x1306.png 1536w, https:\/\/cvietrc.ca\/wp-content\/uploads\/2022\/08\/hero-image-illustration.png 1800w\" sizes=\"(max-width: 1024px) 100vw, 1024px\" \/>\t\t\t\t\t\t\t\t\t\t\t\t\t\t\t<\/div>\n\t\t\t\t<\/div>\n\t\t\t\t\t<\/div>\n\t\t<\/div>\n\t\t\t\t\t<\/div>\n\t\t<\/section>\n\t\t\t\t<section class=\"elementor-section elementor-top-section elementor-element elementor-element-3987d973 elementor-section-boxed elementor-section-height-default elementor-section-height-default\" data-id=\"3987d973\" data-element_type=\"section\" data-e-type=\"section\" id=\"mission\" data-settings=\"{&quot;background_background&quot;:&quot;classic&quot;}\">\n\t\t\t\t\t\t<div class=\"elementor-container elementor-column-gap-default\">\n\t\t\t\t\t<div class=\"elementor-column elementor-col-100 elementor-top-column elementor-element elementor-element-2d912c79\" data-id=\"2d912c79\" data-element_type=\"column\" data-e-type=\"column\">\n\t\t\t<div class=\"elementor-widget-wrap elementor-element-populated\">\n\t\t\t\t\t\t<section class=\"elementor-section elementor-inner-section elementor-element elementor-element-e2a1050 elementor-section-boxed elementor-section-height-default elementor-section-height-default\" data-id=\"e2a1050\" data-element_type=\"section\" data-e-type=\"section\">\n\t\t\t\t\t\t<div class=\"elementor-container elementor-column-gap-default\">\n\t\t\t\t\t<div class=\"elementor-column elementor-col-50 elementor-inner-column elementor-element elementor-element-1ba7761\" data-id=\"1ba7761\" data-element_type=\"column\" data-e-type=\"column\">\n\t\t\t<div class=\"elementor-widget-wrap elementor-element-populated\">\n\t\t\t\t\t\t<div class=\"elementor-element elementor-element-29568c6 elementor-widget elementor-widget-wpwaxtheme-title\" data-id=\"29568c6\" data-element_type=\"widget\" data-e-type=\"widget\" data-widget_type=\"wpwaxtheme-title.default\">\n\t\t\t\t<div class=\"elementor-widget-container\">\n\t\t\t\t\t<div class=\"theme-section-title\">\n\n\t<h1 class=\"theme-section-title__title\">S\u1ee9 m\u1ec7nh<\/h1>\n\n\t\t\n<\/div>\t\t\t\t<\/div>\n\t\t\t\t<\/div>\n\t\t\t\t<div class=\"elementor-element elementor-element-9300324 elementor-widget elementor-widget-text-editor\" data-id=\"9300324\" data-element_type=\"widget\" data-e-type=\"widget\" data-widget_type=\"text-editor.default\">\n\t\t\t\t<div class=\"elementor-widget-container\">\n\t\t\t\t\t\t\t\t\tTrung t\u00e2m H\u1ed7 tr\u1ee3 C\u1ed9ng \u0111\u1ed3ng Vi\u1ec7t Nam (CvietRC) l\u00e0 m\u1ed9t t\u1ed5 ch\u1ee9c phi l\u1ee3i nhu\u1eadn v\u1edbi s\u1ee9 m\u1ec7nh n\u00e2ng cao ch\u1ea5t l\u01b0\u1ee3ng cu\u1ed9c s\u1ed1ng c\u00e1 nh\u00e2n v\u00e0 t\u1eadp th\u1ec3 ng\u01b0\u1eddi g\u1ed1c Vi\u1ec7t \u1edf Canada. V\u1edbi s\u1ef1 h\u1ee3p t\u00e1c c\u1ee7a c\u00e1c \u0111\u1ed1i t\u00e1c, Trung t\u00e2m cung c\u1ea5p th\u00f4ng tin, d\u1ecbch v\u1ee5 tra c\u1ee9u, g\u00f3p ph\u1ea7n \u0111\u1ea9y m\u1ea1nh h\u1ed7 tr\u1ee3 ph\u00e1t tri\u1ec3n c\u1ed9ng \u0111\u1ed3ng.\t\t\t\t\t\t\t\t<\/div>\n\t\t\t\t<\/div>\n\t\t\t\t\t<\/div>\n\t\t<\/div>\n\t\t\t\t<div class=\"elementor-column elementor-col-50 elementor-inner-column elementor-element elementor-element-2d3067a\" data-id=\"2d3067a\" data-element_type=\"column\" data-e-type=\"column\">\n\t\t\t<div class=\"elementor-widget-wrap elementor-element-populated\">\n\t\t\t\t\t\t<div class=\"elementor-element elementor-element-95c16ae elementor-widget elementor-widget-image\" data-id=\"95c16ae\" data-element_type=\"widget\" data-e-type=\"widget\" data-widget_type=\"image.default\">\n\t\t\t\t<div class=\"elementor-widget-container\">\n\t\t\t\t\t\t\t\t\t\t\t\t\t\t\t<img decoding=\"async\" width=\"300\" height=\"255\" src=\"https:\/\/cvietrc.ca\/wp-content\/uploads\/2022\/08\/mission-300x255.png\" class=\"attachment-medium size-medium wp-image-3235\" alt=\"mission CVRC\" srcset=\"https:\/\/cvietrc.ca\/wp-content\/uploads\/2022\/08\/mission-300x255.png 300w, https:\/\/cvietrc.ca\/wp-content\/uploads\/2022\/08\/mission.png 700w\" sizes=\"(max-width: 300px) 100vw, 300px\" \/>\t\t\t\t\t\t\t\t\t\t\t\t\t\t\t<\/div>\n\t\t\t\t<\/div>\n\t\t\t\t\t<\/div>\n\t\t<\/div>\n\t\t\t\t\t<\/div>\n\t\t<\/section>\n\t\t\t\t\t<\/div>\n\t\t<\/div>\n\t\t\t\t\t<\/div>\n\t\t<\/section>\n\t\t\t\t<section class=\"elementor-section elementor-top-section elementor-element elementor-element-0f78e03 elementor-section-boxed elementor-section-height-default elementor-section-height-default\" data-id=\"0f78e03\" data-element_type=\"section\" data-e-type=\"section\">\n\t\t\t\t\t\t<div class=\"elementor-container elementor-column-gap-default\">\n\t\t\t\t\t<div class=\"elementor-column elementor-col-100 elementor-top-column elementor-element elementor-element-02dd954\" data-id=\"02dd954\" data-element_type=\"column\" data-e-type=\"column\">\n\t\t\t<div class=\"elementor-widget-wrap elementor-element-populated\">\n\t\t\t\t\t\t<section class=\"elementor-section elementor-inner-section elementor-element elementor-element-225bfe5 elementor-section-boxed elementor-section-height-default elementor-section-height-default\" data-id=\"225bfe5\" data-element_type=\"section\" data-e-type=\"section\">\n\t\t\t\t\t\t<div class=\"elementor-container elementor-column-gap-default\">\n\t\t\t\t\t<div class=\"elementor-column elementor-col-50 elementor-inner-column elementor-element elementor-element-55e3420 elementor-hidden-mobile\" data-id=\"55e3420\" data-element_type=\"column\" data-e-type=\"column\">\n\t\t\t<div class=\"elementor-widget-wrap elementor-element-populated\">\n\t\t\t\t\t\t<div class=\"elementor-element elementor-element-1197d7f elementor-widget elementor-widget-image\" data-id=\"1197d7f\" data-element_type=\"widget\" data-e-type=\"widget\" data-widget_type=\"image.default\">\n\t\t\t\t<div class=\"elementor-widget-container\">\n\t\t\t\t\t\t\t\t\t\t\t\t\t\t\t<img decoding=\"async\" width=\"300\" height=\"199\" src=\"https:\/\/cvietrc.ca\/wp-content\/uploads\/2022\/08\/support-300x199.png\" class=\"attachment-medium size-medium wp-image-3238\" alt=\"support CVRC\" srcset=\"https:\/\/cvietrc.ca\/wp-content\/uploads\/2022\/08\/support-300x199.png 300w, https:\/\/cvietrc.ca\/wp-content\/uploads\/2022\/08\/support.png 700w\" sizes=\"(max-width: 300px) 100vw, 300px\" \/>\t\t\t\t\t\t\t\t\t\t\t\t\t\t\t<\/div>\n\t\t\t\t<\/div>\n\t\t\t\t\t<\/div>\n\t\t<\/div>\n\t\t\t\t<div class=\"elementor-column elementor-col-50 elementor-inner-column elementor-element elementor-element-db1ee9f\" data-id=\"db1ee9f\" data-element_type=\"column\" data-e-type=\"column\">\n\t\t\t<div class=\"elementor-widget-wrap elementor-element-populated\">\n\t\t\t\t\t\t<div class=\"elementor-element elementor-element-c587667 elementor-widget elementor-widget-wpwaxtheme-title\" data-id=\"c587667\" data-element_type=\"widget\" data-e-type=\"widget\" data-widget_type=\"wpwaxtheme-title.default\">\n\t\t\t\t<div class=\"elementor-widget-container\">\n\t\t\t\t\t<div class=\"theme-section-title\">\n\n\t<h1 class=\"theme-section-title__title\">Ch\u00fang t\u00f4i h\u1ed7 tr\u1ee3<\/h1>\n\n\t\t\n<\/div>\t\t\t\t<\/div>\n\t\t\t\t<\/div>\n\t\t\t\t<div class=\"elementor-element elementor-element-95d2cf1 elementor-widget elementor-widget-text-editor\" data-id=\"95d2cf1\" data-element_type=\"widget\" data-e-type=\"widget\" data-widget_type=\"text-editor.default\">\n\t\t\t\t<div class=\"elementor-widget-container\">\n\t\t\t\t\t\t\t\t\t<ul class=\"ul1\"><li class=\"li1\">Nh\u1eefng ho\u00e0n c\u1ea3nh kh\u00f3 kh\u0103n b\u1eb1ng c\u00e1ch cung c\u1ea5p th\u00f4ng tin v\u00e0 c\u00e1c d\u1ecbch v\u1ee5 tra c\u1ee9u.<\/li><li class=\"li1\">S\u00e1ng ki\u1ebfn c\u1ed9ng \u0111\u1ed3ng v\u1edbi m\u1ee5c \u0111\u00edch n\u00e2ng cao ch\u1ea5t l\u01b0\u1ee3ng s\u1ed1ng c\u1ee7a nh\u1eefng ng\u01b0\u1eddi g\u1eb7p kh\u00f3 kh\u0103n trong x\u00e3 h\u1ed9i <\/li><\/ul>\t\t\t\t\t\t\t\t<\/div>\n\t\t\t\t<\/div>\n\t\t\t\t\t<\/div>\n\t\t<\/div>\n\t\t\t\t\t<\/div>\n\t\t<\/section>\n\t\t\t\t\t<\/div>\n\t\t<\/div>\n\t\t\t\t\t<\/div>\n\t\t<\/section>\n\t\t\t\t<section class=\"elementor-section elementor-top-section elementor-element elementor-element-4875a87 elementor-section-boxed elementor-section-height-default elementor-section-height-default\" data-id=\"4875a87\" data-element_type=\"section\" data-e-type=\"section\" data-settings=\"{&quot;background_background&quot;:&quot;classic&quot;}\">\n\t\t\t\t\t\t<div class=\"elementor-container elementor-column-gap-default\">\n\t\t\t\t\t<div class=\"elementor-column elementor-col-16 elementor-top-column elementor-element elementor-element-e0ee8ff elementor-hidden-mobile\" data-id=\"e0ee8ff\" data-element_type=\"column\" data-e-type=\"column\">\n\t\t\t<div class=\"elementor-widget-wrap\">\n\t\t\t\t\t\t\t<\/div>\n\t\t<\/div>\n\t\t\t\t<div class=\"elementor-column elementor-col-66 elementor-top-column elementor-element elementor-element-1f1dc16\" data-id=\"1f1dc16\" data-element_type=\"column\" data-e-type=\"column\" data-settings=\"{&quot;background_background&quot;:&quot;classic&quot;}\">\n\t\t\t<div class=\"elementor-widget-wrap elementor-element-populated\">\n\t\t\t\t\t\t<div class=\"elementor-element elementor-element-c3a7e48 elementor-widget elementor-widget-wpwaxtheme-title\" data-id=\"c3a7e48\" data-element_type=\"widget\" data-e-type=\"widget\" data-widget_type=\"wpwaxtheme-title.default\">\n\t\t\t\t<div class=\"elementor-widget-container\">\n\t\t\t\t\t<div class=\"theme-section-title\">\n\n\t<h1 class=\"theme-section-title__title\">C\u00e1c ch\u01b0\u01a1ng tr\u00ecnh v\u00e0 d\u1ecbch v\u1ee5<\/h1>\n\n\t\n\t\t<p class=\"theme-section-title__subtitle\">Danh b\u1ea1 v\u00e0 c\u00f4ng c\u1ee5 tra c\u1ee9u nh\u1eb1m gi\u00fap nh\u1eefng ai c\u00f3 nhu c\u1ea7u li\u00ean h\u1ec7 v\u1edbi c\u00e1c ch\u01b0\u01a1ng tr\u00ecnh v\u00e0 d\u1ecbch v\u1ee5 c\u00f3 s\u1eb5n t\u1ea1i Canada.<\/p>\n\n\t\t\n<\/div>\t\t\t\t<\/div>\n\t\t\t\t<\/div>\n\t\t\t\t<div class=\"elementor-element elementor-element-f4e46cc elementor-align-left elementor-widget elementor-widget-button\" data-id=\"f4e46cc\" data-element_type=\"widget\" data-e-type=\"widget\" data-widget_type=\"button.default\">\n\t\t\t\t<div class=\"elementor-widget-container\">\n\t\t\t\t\t\t\t\t\t<div class=\"elementor-button-wrapper\">\n\t\t\t\t\t<a class=\"elementor-button elementor-button-link elementor-size-sm\" href=\"https:\/\/cvietrc.ca\/vi\/directory-vi\/\">\n\t\t\t\t\t\t<span class=\"elementor-button-content-wrapper\">\n\t\t\t\t\t\t\t\t\t<span class=\"elementor-button-text\">T\u00ecm ki\u1ebfm<\/span>\n\t\t\t\t\t<\/span>\n\t\t\t\t\t<\/a>\n\t\t\t\t<\/div>\n\t\t\t\t\t\t\t\t<\/div>\n\t\t\t\t<\/div>\n\t\t\t\t\t<\/div>\n\t\t<\/div>\n\t\t\t\t<div class=\"elementor-column elementor-col-16 elementor-top-column elementor-element elementor-element-a9679ca elementor-hidden-mobile\" data-id=\"a9679ca\" data-element_type=\"column\" data-e-type=\"column\">\n\t\t\t<div class=\"elementor-widget-wrap\">\n\t\t\t\t\t\t\t<\/div>\n\t\t<\/div>\n\t\t\t\t\t<\/div>\n\t\t<\/section>\n\t\t\t\t<section class=\"elementor-section elementor-top-section elementor-element elementor-element-431db9e elementor-section-boxed elementor-section-height-default elementor-section-height-default\" data-id=\"431db9e\" data-element_type=\"section\" data-e-type=\"section\">\n\t\t\t\t\t\t<div class=\"elementor-container elementor-column-gap-default\">\n\t\t\t\t\t<div class=\"elementor-column elementor-col-100 elementor-top-column elementor-element elementor-element-585c6d0\" data-id=\"585c6d0\" data-element_type=\"column\" data-e-type=\"column\">\n\t\t\t<div class=\"elementor-widget-wrap elementor-element-populated\">\n\t\t\t\t\t\t<div class=\"elementor-element elementor-element-d120338 elementor-widget elementor-widget-text-editor\" data-id=\"d120338\" data-element_type=\"widget\" data-e-type=\"widget\" data-widget_type=\"text-editor.default\">\n\t\t\t\t<div class=\"elementor-widget-container\">\n\t\t\t\t\t\t\t\t\t<p class=\"p1\" style=\"text-align: center;\"><strong>Ch\u00fang t\u00f4i r\u1ea5t mong \u0111\u1ee3i s\u1ef1 tham gia c\u1ee7a c\u00e1c t\u00ecnh nguy\u1ec7n vi\u00ean t\u00e2m huy\u1ebft v\u00e0 c\u00f3 tr\u00e1ch nhi\u1ec7m.<\/strong><\/p><p class=\"p1\" style=\"text-align: center;\">Qu\u00fd v\u1ecb h\u1ea3o t\u00e2m mu\u1ed1n t\u00e0i tr\u1ee3 ho\u1eb7c tham gia ho\u1ea1t \u0111\u1ed9ng tinh nguy\u1ec7n<br \/>xin vui l\u00f2ng li\u00ean h\u1ec7 <a href=\"mailto:info@cvietrc.ca\">info@cvietrc.ca<\/a><\/p>\t\t\t\t\t\t\t\t<\/div>\n\t\t\t\t<\/div>\n\t\t\t\t\t<\/div>\n\t\t<\/div>\n\t\t\t\t\t<\/div>\n\t\t<\/section>\n\t\t\t\t<\/div>\n\t\t","protected":false},"excerpt":{"rendered":"<p>Ch\u00e0o m\u1eebng \u0111\u1ebfn v\u1edbi Trung t\u00e2m H\u1ed7 tr\u1ee3 C\u1ed9ng \u0111\u1ed3ng Vi\u1ec7t Nam \u0110\u1ec3 t\u00ecm hi\u1ec3u th\u00eam S\u1ee9 m\u1ec7nh Trung t\u00e2m H\u1ed7 tr\u1ee3 C\u1ed9ng \u0111\u1ed3ng Vi\u1ec7t Nam (CvietRC) l\u00e0 m\u1ed9t t\u1ed5 [&hellip;]<\/p>\n","protected":false},"author":1,"featured_media":0,"parent":0,"menu_order":0,"comment_status":"closed","ping_status":"closed","template":"templates\/blank.php","meta":{"footnotes":""},"class_list":["post-3350","page","type-page","status-publish","hentry"],"_links":{"self":[{"href":"https:\/\/cvietrc.ca\/vi\/wp-json\/wp\/v2\/pages\/3350","targetHints":{"allow":["GET"]}}],"collection":[{"href":"https:\/\/cvietrc.ca\/vi\/wp-json\/wp\/v2\/pages"}],"about":[{"href":"https:\/\/cvietrc.ca\/vi\/wp-json\/wp\/v2\/types\/page"}],"author":[{"embeddable":true,"href":"https:\/\/cvietrc.ca\/vi\/wp-json\/wp\/v2\/users\/1"}],"replies":[{"embeddable":true,"href":"https:\/\/cvietrc.ca\/vi\/wp-json\/wp\/v2\/comments?post=3350"}],"version-history":[{"count":27,"href":"https:\/\/cvietrc.ca\/vi\/wp-json\/wp\/v2\/pages\/3350\/revisions"}],"predecessor-version":[{"id":4540,"href":"https:\/\/cvietrc.ca\/vi\/wp-json\/wp\/v2\/pages\/3350\/revisions\/4540"}],"wp:attachment":[{"href":"https:\/\/cvietrc.ca\/vi\/wp-json\/wp\/v2\/media?parent=3350"}],"curies":[{"name":"wp","href":"https:\/\/api.w.org\/{rel}","templated":true}]}}