{"id":4862,"date":"2025-07-29T12:58:31","date_gmt":"2025-07-29T16:58:31","guid":{"rendered":"https:\/\/cvietrc.ca\/?page_id=4862"},"modified":"2025-08-01T10:08:48","modified_gmt":"2025-08-01T14:08:48","slug":"a-propos","status":"publish","type":"page","link":"https:\/\/cvietrc.ca\/fr\/a-propos\/","title":{"rendered":"Le Centre"},"content":{"rendered":"\t\t<div data-elementor-type=\"wp-page\" data-elementor-id=\"4862\" class=\"elementor elementor-4862 elementor-4837\">\n\t\t\t\t\t\t<section class=\"elementor-section elementor-top-section elementor-element elementor-element-fff0996 elementor-section-boxed elementor-section-height-default elementor-section-height-default\" data-id=\"fff0996\" data-element_type=\"section\" data-e-type=\"section\" data-settings=\"{&quot;background_background&quot;:&quot;classic&quot;}\">\n\t\t\t\t\t\t<div class=\"elementor-container elementor-column-gap-default\">\n\t\t\t\t\t<div class=\"elementor-column elementor-col-100 elementor-top-column elementor-element elementor-element-028c97e\" data-id=\"028c97e\" data-element_type=\"column\" data-e-type=\"column\">\n\t\t\t<div class=\"elementor-widget-wrap elementor-element-populated\">\n\t\t\t\t\t\t<div class=\"elementor-element elementor-element-e6abd63 elementor-widget elementor-widget-wpwaxtheme-title\" data-id=\"e6abd63\" data-element_type=\"widget\" data-e-type=\"widget\" data-widget_type=\"wpwaxtheme-title.default\">\n\t\t\t\t<div class=\"elementor-widget-container\">\n\t\t\t\t\t<div class=\"theme-section-title\">\n\n\t<h1 class=\"theme-section-title__title\">Le Centre vietnamien des ressources communautaires<\/h1>\n\n\t\t\n<\/div>\t\t\t\t<\/div>\n\t\t\t\t<\/div>\n\t\t\t\t\t<\/div>\n\t\t<\/div>\n\t\t\t\t\t<\/div>\n\t\t<\/section>\n\t\t\t\t<section class=\"elementor-section elementor-top-section elementor-element elementor-element-8f0e67f elementor-section-boxed elementor-section-height-default elementor-section-height-default\" data-id=\"8f0e67f\" data-element_type=\"section\" data-e-type=\"section\">\n\t\t\t\t\t\t<div class=\"elementor-container elementor-column-gap-default\">\n\t\t\t\t\t<div class=\"elementor-column elementor-col-100 elementor-top-column elementor-element elementor-element-95f6ceb\" data-id=\"95f6ceb\" data-element_type=\"column\" data-e-type=\"column\">\n\t\t\t<div class=\"elementor-widget-wrap elementor-element-populated\">\n\t\t\t\t\t\t<div class=\"elementor-element elementor-element-8c9aa3e elementor-widget elementor-widget-text-editor\" data-id=\"8c9aa3e\" data-element_type=\"widget\" data-e-type=\"widget\" data-widget_type=\"text-editor.default\">\n\t\t\t\t<div class=\"elementor-widget-container\">\n\t\t\t\t\t\t\t\t\t<h3>Les buts et le mandat<\/h3><ul><li>Assurer des services de r\u00e9f\u00e9rencement et aider les personnes de la communaut\u00e9 vietnamienne \u00e0 acc\u00e9der aux services dont elles ont besoin.<\/li><li>Aider les membres de la communaut\u00e9 \u00e0 surmonter l&#8217;exclusion et l&#8217;isolement social par des initiatives de renforcement des capacit\u00e9s et de d\u00e9veloppement communautaire<\/li><li>Travailler au changement des pratiques syst\u00e9miques qui excluent les membres de la communaut\u00e9.<\/li><\/ul>\t\t\t\t\t\t\t\t<\/div>\n\t\t\t\t<\/div>\n\t\t\t\t\t<\/div>\n\t\t<\/div>\n\t\t\t\t\t<\/div>\n\t\t<\/section>\n\t\t\t\t<section class=\"elementor-section elementor-top-section elementor-element elementor-element-6a7ad99 elementor-section-boxed elementor-section-height-default elementor-section-height-default\" data-id=\"6a7ad99\" data-element_type=\"section\" data-e-type=\"section\">\n\t\t\t\t\t\t<div class=\"elementor-container elementor-column-gap-default\">\n\t\t\t\t\t<div class=\"elementor-column elementor-col-100 elementor-top-column elementor-element elementor-element-7867cf7\" data-id=\"7867cf7\" data-element_type=\"column\" data-e-type=\"column\">\n\t\t\t<div class=\"elementor-widget-wrap elementor-element-populated\">\n\t\t\t\t\t\t<div class=\"elementor-element elementor-element-f6c1e9c elementor-widget elementor-widget-text-editor\" data-id=\"f6c1e9c\" data-element_type=\"widget\" data-e-type=\"widget\" data-widget_type=\"text-editor.default\">\n\t\t\t\t<div class=\"elementor-widget-container\">\n\t\t\t\t\t\t\t\t\t<h3>Le mandat du CVietRC se d\u00e9cline en 3 volets :<\/h3><ul><li>Informations en ligne sur les services disponibles \u00e0 la communaut\u00e9<\/li><li>Centre de Recherche et documentation<\/li><li>Services \u00e0 la communaut\u00e9<\/li><\/ul>\t\t\t\t\t\t\t\t<\/div>\n\t\t\t\t<\/div>\n\t\t\t\t\t<\/div>\n\t\t<\/div>\n\t\t\t\t\t<\/div>\n\t\t<\/section>\n\t\t\t\t<section class=\"elementor-section elementor-top-section elementor-element elementor-element-1a3c5c0 elementor-section-boxed elementor-section-height-default elementor-section-height-default\" data-id=\"1a3c5c0\" data-element_type=\"section\" data-e-type=\"section\">\n\t\t\t\t\t\t<div class=\"elementor-container elementor-column-gap-default\">\n\t\t\t\t\t<div class=\"elementor-column elementor-col-100 elementor-top-column elementor-element elementor-element-85b6e4b\" data-id=\"85b6e4b\" data-element_type=\"column\" data-e-type=\"column\">\n\t\t\t<div class=\"elementor-widget-wrap elementor-element-populated\">\n\t\t\t\t\t\t<div class=\"elementor-element elementor-element-2c065f6 elementor-widget elementor-widget-text-editor\" data-id=\"2c065f6\" data-element_type=\"widget\" data-e-type=\"widget\" data-widget_type=\"text-editor.default\">\n\t\t\t\t<div class=\"elementor-widget-container\">\n\t\t\t\t\t\t\t\t\t<h3>Conseil d&#8217;administration<\/h3>\t\t\t\t\t\t\t\t<\/div>\n\t\t\t\t<\/div>\n\t\t\t\t\t<\/div>\n\t\t<\/div>\n\t\t\t\t\t<\/div>\n\t\t<\/section>\n\t\t\t\t<section class=\"elementor-section elementor-top-section elementor-element elementor-element-7355ce46 elementor-section-stretched elementor-section-boxed elementor-section-height-default elementor-section-height-default\" data-id=\"7355ce46\" data-element_type=\"section\" data-e-type=\"section\" data-settings=\"{&quot;stretch_section&quot;:&quot;section-stretched&quot;,&quot;background_background&quot;:&quot;classic&quot;}\">\n\t\t\t\t\t\t<div class=\"elementor-container elementor-column-gap-default\">\n\t\t\t\t\t<div class=\"elementor-column elementor-col-33 elementor-top-column elementor-element elementor-element-2c848f6\" data-id=\"2c848f6\" data-element_type=\"column\" data-e-type=\"column\">\n\t\t\t<div class=\"elementor-widget-wrap elementor-element-populated\">\n\t\t\t\t\t\t<div class=\"elementor-element elementor-element-35d309c elementor-position-top elementor-widget elementor-widget-image-box\" data-id=\"35d309c\" data-element_type=\"widget\" data-e-type=\"widget\" data-widget_type=\"image-box.default\">\n\t\t\t\t<div class=\"elementor-widget-container\">\n\t\t\t\t\t<div class=\"elementor-image-box-wrapper\"><figure class=\"elementor-image-box-img\"><img fetchpriority=\"high\" decoding=\"async\" width=\"860\" height=\"1152\" src=\"https:\/\/cvietrc.ca\/wp-content\/uploads\/2025\/07\/cvietrc-board-Nguyen-Kim-Phuong.jpg\" class=\"attachment-full size-full wp-image-4844\" alt=\"Nguy\u1ec5n Kim Ph\u01b0\u1ee3ng\" srcset=\"https:\/\/cvietrc.ca\/wp-content\/uploads\/2025\/07\/cvietrc-board-Nguyen-Kim-Phuong.jpg 860w, https:\/\/cvietrc.ca\/wp-content\/uploads\/2025\/07\/cvietrc-board-Nguyen-Kim-Phuong-224x300.jpg 224w, https:\/\/cvietrc.ca\/wp-content\/uploads\/2025\/07\/cvietrc-board-Nguyen-Kim-Phuong-764x1024.jpg 764w, https:\/\/cvietrc.ca\/wp-content\/uploads\/2025\/07\/cvietrc-board-Nguyen-Kim-Phuong-768x1029.jpg 768w\" sizes=\"(max-width: 860px) 100vw, 860px\" \/><\/figure><div class=\"elementor-image-box-content\"><h5 class=\"elementor-image-box-title\">Nguy\u1ec5n Kim Ph\u01b0\u1ee3ng<\/h5><p class=\"elementor-image-box-description\">Fondatrice et Pr\u00e9sidente (2022- )<\/p><\/div><\/div>\t\t\t\t<\/div>\n\t\t\t\t<\/div>\n\t\t\t\t\t<\/div>\n\t\t<\/div>\n\t\t\t\t<div class=\"elementor-column elementor-col-33 elementor-top-column elementor-element elementor-element-52666f0\" data-id=\"52666f0\" data-element_type=\"column\" data-e-type=\"column\">\n\t\t\t<div class=\"elementor-widget-wrap elementor-element-populated\">\n\t\t\t\t\t\t<div class=\"elementor-element elementor-element-e5e11d9 elementor-position-top elementor-widget elementor-widget-image-box\" data-id=\"e5e11d9\" data-element_type=\"widget\" data-e-type=\"widget\" data-widget_type=\"image-box.default\">\n\t\t\t\t<div class=\"elementor-widget-container\">\n\t\t\t\t\t<div class=\"elementor-image-box-wrapper\"><figure class=\"elementor-image-box-img\"><img decoding=\"async\" width=\"860\" height=\"1152\" src=\"https:\/\/cvietrc.ca\/wp-content\/uploads\/2025\/07\/cvietrc-board-Caroline-Vu.jpg\" class=\"attachment-full size-full wp-image-4847\" alt=\"Dr. Caroline Vu\" srcset=\"https:\/\/cvietrc.ca\/wp-content\/uploads\/2025\/07\/cvietrc-board-Caroline-Vu.jpg 860w, https:\/\/cvietrc.ca\/wp-content\/uploads\/2025\/07\/cvietrc-board-Caroline-Vu-224x300.jpg 224w, https:\/\/cvietrc.ca\/wp-content\/uploads\/2025\/07\/cvietrc-board-Caroline-Vu-764x1024.jpg 764w, https:\/\/cvietrc.ca\/wp-content\/uploads\/2025\/07\/cvietrc-board-Caroline-Vu-768x1029.jpg 768w\" sizes=\"(max-width: 860px) 100vw, 860px\" \/><\/figure><div class=\"elementor-image-box-content\"><h5 class=\"elementor-image-box-title\">Dr. Caroline Vu<\/h5><p class=\"elementor-image-box-description\">Vice-pr\u00e9sidente (2023 - )<br \/>\nM\u00e9decin de famille<br \/>\nComit\u00e9 d\u2019\u00e9thique et gouvernance<\/p><\/div><\/div>\t\t\t\t<\/div>\n\t\t\t\t<\/div>\n\t\t\t\t\t<\/div>\n\t\t<\/div>\n\t\t\t\t<div class=\"elementor-column elementor-col-33 elementor-top-column elementor-element elementor-element-357ac82\" data-id=\"357ac82\" data-element_type=\"column\" data-e-type=\"column\">\n\t\t\t<div class=\"elementor-widget-wrap elementor-element-populated\">\n\t\t\t\t\t\t<div class=\"elementor-element elementor-element-6d05d93 elementor-position-top elementor-widget elementor-widget-image-box\" data-id=\"6d05d93\" data-element_type=\"widget\" data-e-type=\"widget\" data-widget_type=\"image-box.default\">\n\t\t\t\t<div class=\"elementor-widget-container\">\n\t\t\t\t\t<div class=\"elementor-image-box-wrapper\"><figure class=\"elementor-image-box-img\"><img decoding=\"async\" width=\"860\" height=\"1152\" src=\"https:\/\/cvietrc.ca\/wp-content\/uploads\/2025\/07\/cvietrc-board-Victor-Afriat.jpg\" class=\"attachment-full size-full wp-image-4850\" alt=\"Victor Afriat\" srcset=\"https:\/\/cvietrc.ca\/wp-content\/uploads\/2025\/07\/cvietrc-board-Victor-Afriat.jpg 860w, https:\/\/cvietrc.ca\/wp-content\/uploads\/2025\/07\/cvietrc-board-Victor-Afriat-224x300.jpg 224w, https:\/\/cvietrc.ca\/wp-content\/uploads\/2025\/07\/cvietrc-board-Victor-Afriat-764x1024.jpg 764w, https:\/\/cvietrc.ca\/wp-content\/uploads\/2025\/07\/cvietrc-board-Victor-Afriat-768x1029.jpg 768w\" sizes=\"(max-width: 860px) 100vw, 860px\" \/><\/figure><div class=\"elementor-image-box-content\"><h5 class=\"elementor-image-box-title\">Victor Afriat<\/h5><p class=\"elementor-image-box-description\">Secr\u00e9taire et tr\u00e9sorier (2022- )<\/p><\/div><\/div>\t\t\t\t<\/div>\n\t\t\t\t<\/div>\n\t\t\t\t\t<\/div>\n\t\t<\/div>\n\t\t\t\t\t<\/div>\n\t\t<\/section>\n\t\t\t\t<section class=\"elementor-section elementor-top-section elementor-element elementor-element-0af9a41 elementor-section-stretched elementor-section-boxed elementor-section-height-default elementor-section-height-default\" data-id=\"0af9a41\" data-element_type=\"section\" data-e-type=\"section\" data-settings=\"{&quot;stretch_section&quot;:&quot;section-stretched&quot;,&quot;background_background&quot;:&quot;classic&quot;}\">\n\t\t\t\t\t\t<div class=\"elementor-container elementor-column-gap-default\">\n\t\t\t\t\t<div class=\"elementor-column elementor-col-33 elementor-top-column elementor-element elementor-element-529b1f4\" data-id=\"529b1f4\" data-element_type=\"column\" data-e-type=\"column\">\n\t\t\t<div class=\"elementor-widget-wrap elementor-element-populated\">\n\t\t\t\t\t\t<div class=\"elementor-element elementor-element-5e1b132 elementor-position-top elementor-widget elementor-widget-image-box\" data-id=\"5e1b132\" data-element_type=\"widget\" data-e-type=\"widget\" data-widget_type=\"image-box.default\">\n\t\t\t\t<div class=\"elementor-widget-container\">\n\t\t\t\t\t<div class=\"elementor-image-box-wrapper\"><figure class=\"elementor-image-box-img\"><img loading=\"lazy\" decoding=\"async\" width=\"860\" height=\"1152\" src=\"https:\/\/cvietrc.ca\/wp-content\/uploads\/2025\/07\/cvietrc-board-Jean-Francois-Carmel.jpg\" class=\"attachment-full size-full wp-image-4853\" alt=\"Dr. Jean-Fran\u00e7ois Carmel\" srcset=\"https:\/\/cvietrc.ca\/wp-content\/uploads\/2025\/07\/cvietrc-board-Jean-Francois-Carmel.jpg 860w, https:\/\/cvietrc.ca\/wp-content\/uploads\/2025\/07\/cvietrc-board-Jean-Francois-Carmel-224x300.jpg 224w, https:\/\/cvietrc.ca\/wp-content\/uploads\/2025\/07\/cvietrc-board-Jean-Francois-Carmel-764x1024.jpg 764w, https:\/\/cvietrc.ca\/wp-content\/uploads\/2025\/07\/cvietrc-board-Jean-Francois-Carmel-768x1029.jpg 768w\" sizes=\"(max-width: 860px) 100vw, 860px\" \/><\/figure><div class=\"elementor-image-box-content\"><h5 class=\"elementor-image-box-title\">Dr. Jean-Fran\u00e7ois Carmel<\/h5><p class=\"elementor-image-box-description\">Administrateur (2024 - )<br \/>\nG\u00e9ronto-psychiatre<br \/>\nComit\u00e9 d\u2019\u00e9thique et de gouvernance<\/p><\/div><\/div>\t\t\t\t<\/div>\n\t\t\t\t<\/div>\n\t\t\t\t\t<\/div>\n\t\t<\/div>\n\t\t\t\t<div class=\"elementor-column elementor-col-33 elementor-top-column elementor-element elementor-element-d4e2a56\" data-id=\"d4e2a56\" data-element_type=\"column\" data-e-type=\"column\">\n\t\t\t<div class=\"elementor-widget-wrap elementor-element-populated\">\n\t\t\t\t\t\t<div class=\"elementor-element elementor-element-a4c48cf elementor-position-top elementor-widget elementor-widget-image-box\" data-id=\"a4c48cf\" data-element_type=\"widget\" data-e-type=\"widget\" data-widget_type=\"image-box.default\">\n\t\t\t\t<div class=\"elementor-widget-container\">\n\t\t\t\t\t<div class=\"elementor-image-box-wrapper\"><figure class=\"elementor-image-box-img\"><img loading=\"lazy\" decoding=\"async\" width=\"860\" height=\"1152\" src=\"https:\/\/cvietrc.ca\/wp-content\/uploads\/2025\/07\/cvietrc-board-Duong-Dang-Viet-Hue.jpg\" class=\"attachment-full size-full wp-image-4856\" alt=\"Duong Dang Viet Hue\" srcset=\"https:\/\/cvietrc.ca\/wp-content\/uploads\/2025\/07\/cvietrc-board-Duong-Dang-Viet-Hue.jpg 860w, https:\/\/cvietrc.ca\/wp-content\/uploads\/2025\/07\/cvietrc-board-Duong-Dang-Viet-Hue-224x300.jpg 224w, https:\/\/cvietrc.ca\/wp-content\/uploads\/2025\/07\/cvietrc-board-Duong-Dang-Viet-Hue-764x1024.jpg 764w, https:\/\/cvietrc.ca\/wp-content\/uploads\/2025\/07\/cvietrc-board-Duong-Dang-Viet-Hue-768x1029.jpg 768w\" sizes=\"(max-width: 860px) 100vw, 860px\" \/><\/figure><div class=\"elementor-image-box-content\"><h5 class=\"elementor-image-box-title\">Duong Dang Viet Hue<\/h5><p class=\"elementor-image-box-description\">Administratrice (2025- )<br \/>\nComit\u00e9 des usagers\/usag\u00e8res<\/p><\/div><\/div>\t\t\t\t<\/div>\n\t\t\t\t<\/div>\n\t\t\t\t\t<\/div>\n\t\t<\/div>\n\t\t\t\t<div class=\"elementor-column elementor-col-33 elementor-top-column elementor-element elementor-element-c68c9c8\" data-id=\"c68c9c8\" data-element_type=\"column\" data-e-type=\"column\">\n\t\t\t<div class=\"elementor-widget-wrap\">\n\t\t\t\t\t\t\t<\/div>\n\t\t<\/div>\n\t\t\t\t\t<\/div>\n\t\t<\/section>\n\t\t\t\t<\/div>\n\t\t","protected":false},"excerpt":{"rendered":"<p>Le Centre vietnamien des ressources communautaires Les buts et le mandat Assurer des services de r\u00e9f\u00e9rencement et aider les personnes de la communaut\u00e9 vietnamienne \u00e0 acc\u00e9der aux services dont elles [&hellip;]<\/p>\n","protected":false},"author":1,"featured_media":0,"parent":0,"menu_order":0,"comment_status":"closed","ping_status":"closed","template":"templates\/blank.php","meta":{"footnotes":""},"class_list":["post-4862","page","type-page","status-publish","hentry"],"_links":{"self":[{"href":"https:\/\/cvietrc.ca\/fr\/wp-json\/wp\/v2\/pages\/4862","targetHints":{"allow":["GET"]}}],"collection":[{"href":"https:\/\/cvietrc.ca\/fr\/wp-json\/wp\/v2\/pages"}],"about":[{"href":"https:\/\/cvietrc.ca\/fr\/wp-json\/wp\/v2\/types\/page"}],"author":[{"embeddable":true,"href":"https:\/\/cvietrc.ca\/fr\/wp-json\/wp\/v2\/users\/1"}],"replies":[{"embeddable":true,"href":"https:\/\/cvietrc.ca\/fr\/wp-json\/wp\/v2\/comments?post=4862"}],"version-history":[{"count":41,"href":"https:\/\/cvietrc.ca\/fr\/wp-json\/wp\/v2\/pages\/4862\/revisions"}],"predecessor-version":[{"id":4936,"href":"https:\/\/cvietrc.ca\/fr\/wp-json\/wp\/v2\/pages\/4862\/revisions\/4936"}],"wp:attachment":[{"href":"https:\/\/cvietrc.ca\/fr\/wp-json\/wp\/v2\/media?parent=4862"}],"curies":[{"name":"wp","href":"https:\/\/api.w.org\/{rel}","templated":true}]}}