{"id":3294,"date":"2022-08-04T13:24:34","date_gmt":"2022-08-04T17:24:34","guid":{"rendered":"https:\/\/cvietrc.ca\/?page_id=3294"},"modified":"2022-12-15T03:56:10","modified_gmt":"2022-12-15T08:56:10","slug":"mentions-legales","status":"publish","type":"page","link":"https:\/\/cvietrc.ca\/fr\/mentions-legales\/","title":{"rendered":"Mentions l\u00e9gales"},"content":{"rendered":"\n<div class=\"wp-block-columns is-layout-flex wp-container-core-columns-is-layout-9d6595d7 wp-block-columns-is-layout-flex\">\n<div class=\"wp-block-column is-layout-flow wp-block-column-is-layout-flow\" style=\"flex-basis:25%\"><\/div>\n\n\n\n<div class=\"wp-block-column is-layout-flow wp-block-column-is-layout-flow\" style=\"flex-basis:50%\">\n<h2>Responsabilit\u00e9s<\/h2>\n<p>Le Centre vietnamien de ressources communautaires (CVietRC)\u00a0s\u2019efforce d\u2019assurer au mieux la disponibilit\u00e9, l\u2019exactitude et la mise \u00e0 jour des informations diffus\u00e9es sur le site \u00ab <a href=\"http:\/\/cvietrc.ca\/\">cvietrc.ca<\/a> \u00bb, dont il se r\u00e9serve le droit de corriger, \u00e0 tout moment et sans pr\u00e9avis, le contenu. Toutefois,<\/p>\n<p>il ne peut garantir la disponibilit\u00e9, l\u2019exactitude, la mise \u00e0 jour ou l\u2019exhaustivit\u00e9 des informations ainsi mises \u00e0 disposition.<\/p>\n<p>Le CVietRC\u00a0 n&#8217;est pas responsable et ne sera tenu responsable d&#8217;aucun dommage ou pr\u00e9judice en d\u00e9coulant. Les liens vers d&#8217;autres sites sont fournis aux utilisateurs uniquement par pure commodit\u00e9.<\/p>\n<h2>Contenu du site internet<\/h2>\n<p>Toute reproduction, toute repr\u00e9sentation totale ou partielle, toute utilisation, toute adaptation, toute mise \u00e0 disposition ou modification de ces contenus par quelque proc\u00e9d\u00e9 que ce soit, par quelque personne que ce soit et par quelque moyen que ce soit (notamment la vente, la commercialisation, la location, etc.) sans l\u2019autorisation expresse des auteurs ou de leurs ayants droit est strictement interdite et constitue un d\u00e9lit de contrefa\u00e7on au sens du Code de la propri\u00e9t\u00e9 intellectuelle.<\/p>\n<h2>\u00c9diteur<\/h2>\n<p>Centre vietnamien des ressources communautaires<br \/>T\u00e9l\u00e9phone : 514 449-7728<br \/>Email : <a href=\"mailto:info@cvietrc.ca\">info@cvietrc.ca<\/a><br \/>Responsable \u00e9ditorial : Nguyen Kim Phuong<\/p>\n<h2>H\u00e9bergement<\/h2>\n<p><a href=\"https:\/\/whc.ca\/fr\" target=\"_blank\" rel=\"noopener\">Web Hosting Canada<\/a><\/p>\n<h2>Conception \/ R\u00e9alisation<\/h2>\n<p><a href=\"https:\/\/www.bertrand-meunier.com\/\" target=\"_blank\" rel=\"noopener\">Bertrand Meunier<\/a><\/p>\n<h2>Cr\u00e9dits<\/h2>\n<p>Illustrations: Freepik | Photos: Unsplash<\/p>\n<\/div>\n\n\n\n<div class=\"wp-block-column is-layout-flow wp-block-column-is-layout-flow\" style=\"flex-basis:25%\"><\/div>\n<\/div>\n","protected":false},"excerpt":{"rendered":"<p>Responsabilit\u00e9s Le Centre vietnamien de ressources communautaires (CVietRC)\u00a0s\u2019efforce d\u2019assurer au mieux la disponibilit\u00e9, l\u2019exactitude et la mise \u00e0 jour des informations diffus\u00e9es sur le site \u00ab cvietrc.ca \u00bb, dont il [&hellip;]<\/p>\n","protected":false},"author":1,"featured_media":0,"parent":0,"menu_order":0,"comment_status":"closed","ping_status":"closed","template":"","meta":{"footnotes":""},"class_list":["post-3294","page","type-page","status-publish","hentry"],"_links":{"self":[{"href":"https:\/\/cvietrc.ca\/fr\/wp-json\/wp\/v2\/pages\/3294","targetHints":{"allow":["GET"]}}],"collection":[{"href":"https:\/\/cvietrc.ca\/fr\/wp-json\/wp\/v2\/pages"}],"about":[{"href":"https:\/\/cvietrc.ca\/fr\/wp-json\/wp\/v2\/types\/page"}],"author":[{"embeddable":true,"href":"https:\/\/cvietrc.ca\/fr\/wp-json\/wp\/v2\/users\/1"}],"replies":[{"embeddable":true,"href":"https:\/\/cvietrc.ca\/fr\/wp-json\/wp\/v2\/comments?post=3294"}],"version-history":[{"count":8,"href":"https:\/\/cvietrc.ca\/fr\/wp-json\/wp\/v2\/pages\/3294\/revisions"}],"predecessor-version":[{"id":4080,"href":"https:\/\/cvietrc.ca\/fr\/wp-json\/wp\/v2\/pages\/3294\/revisions\/4080"}],"wp:attachment":[{"href":"https:\/\/cvietrc.ca\/fr\/wp-json\/wp\/v2\/media?parent=3294"}],"curies":[{"name":"wp","href":"https:\/\/api.w.org\/{rel}","templated":true}]}}