{"id":3274,"date":"2021-09-07T12:49:38","date_gmt":"2021-09-07T16:49:38","guid":{"rendered":"https:\/\/cvietrc.ca\/?page_id=3274"},"modified":"2023-09-26T05:09:43","modified_gmt":"2023-09-26T09:09:43","slug":"homepage","status":"publish","type":"page","link":"https:\/\/cvietrc.ca\/fr\/","title":{"rendered":"Accueil"},"content":{"rendered":"\t\t<div data-elementor-type=\"wp-page\" data-elementor-id=\"3274\" class=\"elementor elementor-3274 elementor-109\">\n\t\t\t\t\t\t<section class=\"elementor-section elementor-top-section elementor-element elementor-element-6dea54a elementor-section-content-middle elementor-section-boxed elementor-section-height-default elementor-section-height-default\" data-id=\"6dea54a\" data-element_type=\"section\" data-e-type=\"section\" data-settings=\"{&quot;background_background&quot;:&quot;classic&quot;}\">\n\t\t\t\t\t\t<div class=\"elementor-container elementor-column-gap-default\">\n\t\t\t\t\t<div class=\"elementor-column elementor-col-50 elementor-top-column elementor-element elementor-element-4124c4ba\" data-id=\"4124c4ba\" data-element_type=\"column\" data-e-type=\"column\">\n\t\t\t<div class=\"elementor-widget-wrap elementor-element-populated\">\n\t\t\t\t\t\t<div class=\"elementor-element elementor-element-58b3d5d8 elementor-widget elementor-widget-wpwaxtheme-title\" data-id=\"58b3d5d8\" data-element_type=\"widget\" data-e-type=\"widget\" data-widget_type=\"wpwaxtheme-title.default\">\n\t\t\t\t<div class=\"elementor-widget-container\">\n\t\t\t\t\t<div class=\"theme-section-title\">\n\n\t<h1 class=\"theme-section-title__title\">Bienvenue au Centre vietnamien des ressources communautaires<\/h1>\n\n\t\t\n<\/div>\t\t\t\t<\/div>\n\t\t\t\t<\/div>\n\t\t\t\t<div class=\"elementor-element elementor-element-2b2287db elementor-widget elementor-widget-button\" data-id=\"2b2287db\" data-element_type=\"widget\" data-e-type=\"widget\" data-widget_type=\"button.default\">\n\t\t\t\t<div class=\"elementor-widget-container\">\n\t\t\t\t\t\t\t\t\t<div class=\"elementor-button-wrapper\">\n\t\t\t\t\t<a class=\"elementor-button elementor-button-link elementor-size-sm\" href=\"#mission\">\n\t\t\t\t\t\t<span class=\"elementor-button-content-wrapper\">\n\t\t\t\t\t\t<span class=\"elementor-button-icon\">\n\t\t\t\t<i aria-hidden=\"true\" class=\"fas fa-arrow-right\"><\/i>\t\t\t<\/span>\n\t\t\t\t\t\t\t\t\t<span class=\"elementor-button-text\">En savoir plus<\/span>\n\t\t\t\t\t<\/span>\n\t\t\t\t\t<\/a>\n\t\t\t\t<\/div>\n\t\t\t\t\t\t\t\t<\/div>\n\t\t\t\t<\/div>\n\t\t\t\t\t<\/div>\n\t\t<\/div>\n\t\t\t\t<div class=\"elementor-column elementor-col-50 elementor-top-column elementor-element elementor-element-65462c8c\" data-id=\"65462c8c\" data-element_type=\"column\" data-e-type=\"column\">\n\t\t\t<div class=\"elementor-widget-wrap elementor-element-populated\">\n\t\t\t\t\t\t<div class=\"elementor-element elementor-element-5750580b elementor-widget elementor-widget-image\" data-id=\"5750580b\" data-element_type=\"widget\" data-e-type=\"widget\" data-widget_type=\"image.default\">\n\t\t\t\t<div class=\"elementor-widget-container\">\n\t\t\t\t\t\t\t\t\t\t\t\t\t\t\t<img fetchpriority=\"high\" decoding=\"async\" width=\"1024\" height=\"870\" src=\"https:\/\/cvietrc.ca\/wp-content\/uploads\/2022\/08\/hero-image-illustration-1024x870.png\" class=\"attachment-large size-large wp-image-3231\" alt=\"CVRC\" srcset=\"https:\/\/cvietrc.ca\/wp-content\/uploads\/2022\/08\/hero-image-illustration-1024x870.png 1024w, https:\/\/cvietrc.ca\/wp-content\/uploads\/2022\/08\/hero-image-illustration-300x255.png 300w, https:\/\/cvietrc.ca\/wp-content\/uploads\/2022\/08\/hero-image-illustration-768x653.png 768w, https:\/\/cvietrc.ca\/wp-content\/uploads\/2022\/08\/hero-image-illustration-1536x1306.png 1536w, https:\/\/cvietrc.ca\/wp-content\/uploads\/2022\/08\/hero-image-illustration.png 1800w\" sizes=\"(max-width: 1024px) 100vw, 1024px\" \/>\t\t\t\t\t\t\t\t\t\t\t\t\t\t\t<\/div>\n\t\t\t\t<\/div>\n\t\t\t\t\t<\/div>\n\t\t<\/div>\n\t\t\t\t\t<\/div>\n\t\t<\/section>\n\t\t\t\t<section class=\"elementor-section elementor-top-section elementor-element elementor-element-3987d973 elementor-section-boxed elementor-section-height-default elementor-section-height-default\" data-id=\"3987d973\" data-element_type=\"section\" data-e-type=\"section\" id=\"mission\" data-settings=\"{&quot;background_background&quot;:&quot;classic&quot;}\">\n\t\t\t\t\t\t<div class=\"elementor-container elementor-column-gap-default\">\n\t\t\t\t\t<div class=\"elementor-column elementor-col-100 elementor-top-column elementor-element elementor-element-2d912c79\" data-id=\"2d912c79\" data-element_type=\"column\" data-e-type=\"column\">\n\t\t\t<div class=\"elementor-widget-wrap elementor-element-populated\">\n\t\t\t\t\t\t<section class=\"elementor-section elementor-inner-section elementor-element elementor-element-e2a1050 elementor-section-boxed elementor-section-height-default elementor-section-height-default\" data-id=\"e2a1050\" data-element_type=\"section\" data-e-type=\"section\">\n\t\t\t\t\t\t<div class=\"elementor-container elementor-column-gap-default\">\n\t\t\t\t\t<div class=\"elementor-column elementor-col-50 elementor-inner-column elementor-element elementor-element-1ba7761\" data-id=\"1ba7761\" data-element_type=\"column\" data-e-type=\"column\">\n\t\t\t<div class=\"elementor-widget-wrap elementor-element-populated\">\n\t\t\t\t\t\t<div class=\"elementor-element elementor-element-29568c6 elementor-widget elementor-widget-wpwaxtheme-title\" data-id=\"29568c6\" data-element_type=\"widget\" data-e-type=\"widget\" data-widget_type=\"wpwaxtheme-title.default\">\n\t\t\t\t<div class=\"elementor-widget-container\">\n\t\t\t\t\t<div class=\"theme-section-title\">\n\n\t<h1 class=\"theme-section-title__title\">Mission<\/h1>\n\n\t\t\n<\/div>\t\t\t\t<\/div>\n\t\t\t\t<\/div>\n\t\t\t\t<div class=\"elementor-element elementor-element-9300324 elementor-widget elementor-widget-text-editor\" data-id=\"9300324\" data-element_type=\"widget\" data-e-type=\"widget\" data-widget_type=\"text-editor.default\">\n\t\t\t\t<div class=\"elementor-widget-container\">\n\t\t\t\t\t\t\t\t\t<p>Le Centre vietnamien de ressources communautaires (CvietRC) est un organisme \u00e0 but non-lucratif qui a pour mission d\u2019am\u00e9liorer le bien-\u00eatre individuel et collectif de la communaut\u00e9 d\u2019origine vietnamienne au Canada. Il fournit un service d\u2019information et de r\u00e9f\u00e9rences et vise \u00e0 renforcer ainsi qu\u2019\u00e0 soutenir le d\u00e9veloppement de la communaut\u00e9 en collaboration avec les partenaires.<\/p>\t\t\t\t\t\t\t\t<\/div>\n\t\t\t\t<\/div>\n\t\t\t\t\t<\/div>\n\t\t<\/div>\n\t\t\t\t<div class=\"elementor-column elementor-col-50 elementor-inner-column elementor-element elementor-element-2d3067a\" data-id=\"2d3067a\" data-element_type=\"column\" data-e-type=\"column\">\n\t\t\t<div class=\"elementor-widget-wrap elementor-element-populated\">\n\t\t\t\t\t\t<div class=\"elementor-element elementor-element-95c16ae elementor-widget elementor-widget-image\" data-id=\"95c16ae\" data-element_type=\"widget\" data-e-type=\"widget\" data-widget_type=\"image.default\">\n\t\t\t\t<div class=\"elementor-widget-container\">\n\t\t\t\t\t\t\t\t\t\t\t\t\t\t\t<img decoding=\"async\" width=\"300\" height=\"255\" src=\"https:\/\/cvietrc.ca\/wp-content\/uploads\/2022\/08\/mission-300x255.png\" class=\"attachment-medium size-medium wp-image-3234\" alt=\"mission CVRC\" srcset=\"https:\/\/cvietrc.ca\/wp-content\/uploads\/2022\/08\/mission-300x255.png 300w, https:\/\/cvietrc.ca\/wp-content\/uploads\/2022\/08\/mission.png 700w\" sizes=\"(max-width: 300px) 100vw, 300px\" \/>\t\t\t\t\t\t\t\t\t\t\t\t\t\t\t<\/div>\n\t\t\t\t<\/div>\n\t\t\t\t\t<\/div>\n\t\t<\/div>\n\t\t\t\t\t<\/div>\n\t\t<\/section>\n\t\t\t\t\t<\/div>\n\t\t<\/div>\n\t\t\t\t\t<\/div>\n\t\t<\/section>\n\t\t\t\t<section class=\"elementor-section elementor-top-section elementor-element elementor-element-0f78e03 elementor-section-boxed elementor-section-height-default elementor-section-height-default\" data-id=\"0f78e03\" data-element_type=\"section\" data-e-type=\"section\">\n\t\t\t\t\t\t<div class=\"elementor-container elementor-column-gap-default\">\n\t\t\t\t\t<div class=\"elementor-column elementor-col-100 elementor-top-column elementor-element elementor-element-02dd954\" data-id=\"02dd954\" data-element_type=\"column\" data-e-type=\"column\">\n\t\t\t<div class=\"elementor-widget-wrap elementor-element-populated\">\n\t\t\t\t\t\t<section class=\"elementor-section elementor-inner-section elementor-element elementor-element-225bfe5 elementor-section-boxed elementor-section-height-default elementor-section-height-default\" data-id=\"225bfe5\" data-element_type=\"section\" data-e-type=\"section\">\n\t\t\t\t\t\t<div class=\"elementor-container elementor-column-gap-default\">\n\t\t\t\t\t<div class=\"elementor-column elementor-col-50 elementor-inner-column elementor-element elementor-element-55e3420 elementor-hidden-mobile\" data-id=\"55e3420\" data-element_type=\"column\" data-e-type=\"column\">\n\t\t\t<div class=\"elementor-widget-wrap elementor-element-populated\">\n\t\t\t\t\t\t<div class=\"elementor-element elementor-element-1197d7f elementor-widget elementor-widget-image\" data-id=\"1197d7f\" data-element_type=\"widget\" data-e-type=\"widget\" data-widget_type=\"image.default\">\n\t\t\t\t<div class=\"elementor-widget-container\">\n\t\t\t\t\t\t\t\t\t\t\t\t\t\t\t<img decoding=\"async\" width=\"300\" height=\"199\" src=\"https:\/\/cvietrc.ca\/wp-content\/uploads\/2022\/08\/support-300x199.png\" class=\"attachment-medium size-medium wp-image-3237\" alt=\"support CVRC\" srcset=\"https:\/\/cvietrc.ca\/wp-content\/uploads\/2022\/08\/support-300x199.png 300w, https:\/\/cvietrc.ca\/wp-content\/uploads\/2022\/08\/support.png 700w\" sizes=\"(max-width: 300px) 100vw, 300px\" \/>\t\t\t\t\t\t\t\t\t\t\t\t\t\t\t<\/div>\n\t\t\t\t<\/div>\n\t\t\t\t\t<\/div>\n\t\t<\/div>\n\t\t\t\t<div class=\"elementor-column elementor-col-50 elementor-inner-column elementor-element elementor-element-db1ee9f\" data-id=\"db1ee9f\" data-element_type=\"column\" data-e-type=\"column\">\n\t\t\t<div class=\"elementor-widget-wrap elementor-element-populated\">\n\t\t\t\t\t\t<div class=\"elementor-element elementor-element-c587667 elementor-widget elementor-widget-wpwaxtheme-title\" data-id=\"c587667\" data-element_type=\"widget\" data-e-type=\"widget\" data-widget_type=\"wpwaxtheme-title.default\">\n\t\t\t\t<div class=\"elementor-widget-container\">\n\t\t\t\t\t<div class=\"theme-section-title\">\n\n\t<h1 class=\"theme-section-title__title\">Nous soutenons<\/h1>\n\n\t\t\n<\/div>\t\t\t\t<\/div>\n\t\t\t\t<\/div>\n\t\t\t\t<div class=\"elementor-element elementor-element-95d2cf1 elementor-widget elementor-widget-text-editor\" data-id=\"95d2cf1\" data-element_type=\"widget\" data-e-type=\"widget\" data-widget_type=\"text-editor.default\">\n\t\t\t\t<div class=\"elementor-widget-container\">\n\t\t\t\t\t\t\t\t\t<ul class=\"ul1\">\n \t<li class=\"li1\">Les personnes en situation de vuln\u00e9rabilit\u00e9 en leur offrant des services et des outils d\u2019information et de r\u00e9f\u00e9rencement.<\/li>\n \t<li class=\"li2\">Les initiatives communautaires qui visent \u00e0 am\u00e9liorer la qualit\u00e9 de vie des personnes en situation de vuln\u00e9rabilit\u00e9.<\/li>\n<\/ul>\t\t\t\t\t\t\t\t<\/div>\n\t\t\t\t<\/div>\n\t\t\t\t\t<\/div>\n\t\t<\/div>\n\t\t\t\t\t<\/div>\n\t\t<\/section>\n\t\t\t\t\t<\/div>\n\t\t<\/div>\n\t\t\t\t\t<\/div>\n\t\t<\/section>\n\t\t\t\t<section class=\"elementor-section elementor-top-section elementor-element elementor-element-4875a87 elementor-section-boxed elementor-section-height-default elementor-section-height-default\" data-id=\"4875a87\" data-element_type=\"section\" data-e-type=\"section\" data-settings=\"{&quot;background_background&quot;:&quot;classic&quot;}\">\n\t\t\t\t\t\t<div class=\"elementor-container elementor-column-gap-default\">\n\t\t\t\t\t<div class=\"elementor-column elementor-col-16 elementor-top-column elementor-element elementor-element-e0ee8ff elementor-hidden-mobile\" data-id=\"e0ee8ff\" data-element_type=\"column\" data-e-type=\"column\">\n\t\t\t<div class=\"elementor-widget-wrap\">\n\t\t\t\t\t\t\t<\/div>\n\t\t<\/div>\n\t\t\t\t<div class=\"elementor-column elementor-col-66 elementor-top-column elementor-element elementor-element-1f1dc16\" data-id=\"1f1dc16\" data-element_type=\"column\" data-e-type=\"column\" data-settings=\"{&quot;background_background&quot;:&quot;classic&quot;}\">\n\t\t\t<div class=\"elementor-widget-wrap elementor-element-populated\">\n\t\t\t\t\t\t<div class=\"elementor-element elementor-element-c3a7e48 elementor-widget elementor-widget-wpwaxtheme-title\" data-id=\"c3a7e48\" data-element_type=\"widget\" data-e-type=\"widget\" data-widget_type=\"wpwaxtheme-title.default\">\n\t\t\t\t<div class=\"elementor-widget-container\">\n\t\t\t\t\t<div class=\"theme-section-title\">\n\n\t<h1 class=\"theme-section-title__title\">Nos programmes et services<\/h1>\n\n\t\n\t\t<p class=\"theme-section-title__subtitle\">Un bottin des ressources qui vise \u00e0 mettre les citoyens et citoyennes en contact avec les programmes et les services disponibles au Canada.<\/p>\n\n\t\t\n<\/div>\t\t\t\t<\/div>\n\t\t\t\t<\/div>\n\t\t\t\t<div class=\"elementor-element elementor-element-f4e46cc elementor-align-left elementor-widget elementor-widget-button\" data-id=\"f4e46cc\" data-element_type=\"widget\" data-e-type=\"widget\" data-widget_type=\"button.default\">\n\t\t\t\t<div class=\"elementor-widget-container\">\n\t\t\t\t\t\t\t\t\t<div class=\"elementor-button-wrapper\">\n\t\t\t\t\t<a class=\"elementor-button elementor-button-link elementor-size-sm\" href=\"https:\/\/cvietrc.ca\/fr\/bottin\/\">\n\t\t\t\t\t\t<span class=\"elementor-button-content-wrapper\">\n\t\t\t\t\t\t\t\t\t<span class=\"elementor-button-text\">Rechercher<\/span>\n\t\t\t\t\t<\/span>\n\t\t\t\t\t<\/a>\n\t\t\t\t<\/div>\n\t\t\t\t\t\t\t\t<\/div>\n\t\t\t\t<\/div>\n\t\t\t\t\t<\/div>\n\t\t<\/div>\n\t\t\t\t<div class=\"elementor-column elementor-col-16 elementor-top-column elementor-element elementor-element-a9679ca elementor-hidden-mobile\" data-id=\"a9679ca\" data-element_type=\"column\" data-e-type=\"column\">\n\t\t\t<div class=\"elementor-widget-wrap\">\n\t\t\t\t\t\t\t<\/div>\n\t\t<\/div>\n\t\t\t\t\t<\/div>\n\t\t<\/section>\n\t\t\t\t<section class=\"elementor-section elementor-top-section elementor-element elementor-element-431db9e elementor-section-boxed elementor-section-height-default elementor-section-height-default\" data-id=\"431db9e\" data-element_type=\"section\" data-e-type=\"section\">\n\t\t\t\t\t\t<div class=\"elementor-container elementor-column-gap-default\">\n\t\t\t\t\t<div class=\"elementor-column elementor-col-100 elementor-top-column elementor-element elementor-element-585c6d0\" data-id=\"585c6d0\" data-element_type=\"column\" data-e-type=\"column\">\n\t\t\t<div class=\"elementor-widget-wrap elementor-element-populated\">\n\t\t\t\t\t\t<div class=\"elementor-element elementor-element-d120338 elementor-widget elementor-widget-text-editor\" data-id=\"d120338\" data-element_type=\"widget\" data-e-type=\"widget\" data-widget_type=\"text-editor.default\">\n\t\t\t\t<div class=\"elementor-widget-container\">\n\t\t\t\t\t\t\t\t\t<p class=\"p1\" style=\"text-align: center;\"><strong>Nous recherchons des b\u00e9n\u00e9voles engag\u00e9.es, exp\u00e9riment\u00e9.es et d\u00e9vou\u00e9.es pour se joindre \u00e0 notre \u00e9quipe..<\/strong><\/p><p class=\"p1\" style=\"text-align: center;\">Si vous souhaitez faire un don ou du b\u00e9n\u00e9volat, veuillez nous contacter au <a href=\"mailto:info@cvietrc.ca\">info@cvietrc.ca<\/a><\/p>\t\t\t\t\t\t\t\t<\/div>\n\t\t\t\t<\/div>\n\t\t\t\t\t<\/div>\n\t\t<\/div>\n\t\t\t\t\t<\/div>\n\t\t<\/section>\n\t\t\t\t<\/div>\n\t\t","protected":false},"excerpt":{"rendered":"<p>Bienvenue au Centre vietnamien des ressources communautaires En savoir plus Mission Le Centre vietnamien de ressources communautaires (CvietRC) est un organisme \u00e0 but non-lucratif qui a pour mission d\u2019am\u00e9liorer le [&hellip;]<\/p>\n","protected":false},"author":1,"featured_media":0,"parent":0,"menu_order":0,"comment_status":"closed","ping_status":"closed","template":"templates\/blank.php","meta":{"footnotes":""},"class_list":["post-3274","page","type-page","status-publish","hentry"],"_links":{"self":[{"href":"https:\/\/cvietrc.ca\/fr\/wp-json\/wp\/v2\/pages\/3274","targetHints":{"allow":["GET"]}}],"collection":[{"href":"https:\/\/cvietrc.ca\/fr\/wp-json\/wp\/v2\/pages"}],"about":[{"href":"https:\/\/cvietrc.ca\/fr\/wp-json\/wp\/v2\/types\/page"}],"author":[{"embeddable":true,"href":"https:\/\/cvietrc.ca\/fr\/wp-json\/wp\/v2\/users\/1"}],"replies":[{"embeddable":true,"href":"https:\/\/cvietrc.ca\/fr\/wp-json\/wp\/v2\/comments?post=3274"}],"version-history":[{"count":34,"href":"https:\/\/cvietrc.ca\/fr\/wp-json\/wp\/v2\/pages\/3274\/revisions"}],"predecessor-version":[{"id":4537,"href":"https:\/\/cvietrc.ca\/fr\/wp-json\/wp\/v2\/pages\/3274\/revisions\/4537"}],"wp:attachment":[{"href":"https:\/\/cvietrc.ca\/fr\/wp-json\/wp\/v2\/media?parent=3274"}],"curies":[{"name":"wp","href":"https:\/\/api.w.org\/{rel}","templated":true}]}}